{"id":1202,"date":"2024-06-26T12:08:44","date_gmt":"2024-06-26T12:08:44","guid":{"rendered":"https:\/\/fbeginauto.com\/nouvelles\/"},"modified":"2024-06-26T18:56:57","modified_gmt":"2024-06-26T18:56:57","slug":"news","status":"publish","type":"page","link":"https:\/\/fbeginauto.com\/en\/news\/","title":{"rendered":"News"},"content":{"rendered":"<section class=\"l-section wpb_row contentContainer height_small\"><div class=\"l-section-h i-cf\"><div class=\"g-cols vc_row via_flex valign_top type_default stacking_default\"><div class=\"vc_col-sm-12 wpb_column vc_column_container\"><div class=\"vc_column-inner\"><div class=\"wpb_wrapper\"><div class=\"g-cols wpb_row via_flex valign_top type_default stacking_default\"><div class=\"vc_col-sm-12 wpb_column vc_column_container\"><div class=\"vc_column-inner\"><div class=\"wpb_wrapper\"><div class=\"wpb_text_column tabTitle\"><div class=\"wpb_wrapper\"><h3>News<\/h3>\n<\/div><\/div><div class=\"w-grid us_post_list type_grid layout_1170 no_results cols_3 pagination_load_on_scroll overflow_hidden preload_style_spinner with_css_animation\" id=\"us_post_list_v593\" style=\"--columns:3;--gap:1rem;\"><style>@media (max-width:1024px){#us_post_list_v593{--columns:2!important}}@media (max-width:600px){#us_post_list_v593{--columns:1!important}}.layout_1170 .w-grid-item-h{border-radius:0.3rem;box-shadow:0 0.06rem 0.12rem rgba(0,0,0,0.1),0 0.2rem 0.6rem rgba(0,0,0,0.1);transition-duration:0.3s}.no-touch .layout_1170 .w-grid-item-h:hover{box-shadow:0 0.1rem 0.2rem rgba(0,0,0,0.1),0 0.33rem 1rem rgba(0,0,0,0.15);z-index:4}.layout_1170 .usg_post_image_1{transition-duration:0.3s;transform-origin:50% 50%;transform:scale(1) translate(0%,0%)}.layout_1170 .w-grid-item-h:focus-within .usg_post_image_1,.layout_1170 .w-grid-item-h:hover .usg_post_image_1{transform:scale(1.1) translate(0%,0%);opacity:1}.layout_1170 .usg_post_image_1{width:100%!important;height:100%!important;max-height:250px!important}.layout_1170 .usg_vwrapper_1{position:absolute!important;left:0!important;bottom:0!important;right:0!important;background:linear-gradient(0deg,rgba(0,0,0,0.85),rgba(30,30,30,0.00))!important;padding:5rem 8% 1.5rem 8%!important}.layout_1170 .usg_post_title_1{color:#fff!important;font-size:1.2rem!important;font-weight:700!important;margin-bottom:0.3rem!important}.layout_1170 .usg_post_date_1{color:#ededed!important;font-size:0.9rem!important}<\/style><div class=\"w-grid-list\"><\/div><div class=\"g-loadmore hidden\"><div class=\"g-preloader type_1\"><div><\/div><\/div><\/div><div class=\"w-grid-list-json hidden\" onclick='return {&quot;max_num_pages&quot;:0,&quot;paginationBase&quot;:&quot;page&quot;,&quot;pagination&quot;:&quot;load_on_scroll&quot;,&quot;paged&quot;:1,&quot;ajaxData&quot;:{&quot;action&quot;:&quot;us_ajax_post_list&quot;,&quot;meta_type&quot;:&quot;post&quot;,&quot;object_id&quot;:0,&quot;template_vars&quot;:{&quot;shortcode_base&quot;:&quot;us_post_list&quot;,&quot;paged&quot;:1,&quot;max_num_pages&quot;:0,&quot;no_results&quot;:true,&quot;us_post_content_design_css&quot;:[],&quot;found_posts&quot;:0,&quot;per_page&quot;:999,&quot;items_count&quot;:0,&quot;orderby_random_seed&quot;:null,&quot;source&quot;:&quot;all&quot;,&quot;ids&quot;:&quot;&quot;,&quot;post_type&quot;:&quot;post&quot;,&quot;attachment_ids&quot;:null,&quot;include_post_thumbnail&quot;:0,&quot;post_author&quot;:&quot;any&quot;,&quot;post_author_ids&quot;:&quot;&quot;,&quot;apply_url_params&quot;:0,&quot;ignore_sticky_posts&quot;:1,&quot;exclude_children&quot;:0,&quot;exclude_current_post&quot;:1,&quot;exclude_prev_posts&quot;:0,&quot;exclude_past_events&quot;:0,&quot;enable_items_offset&quot;:0,&quot;items_offset&quot;:&quot;1&quot;,&quot;tax_query_relation&quot;:&quot;none&quot;,&quot;tax_query&quot;:[{&quot;operator&quot;:&quot;IN&quot;,&quot;taxonomy&quot;:&quot;category&quot;,&quot;terms&quot;:&quot;&quot;,&quot;include_children&quot;:0}],&quot;meta_query_relation&quot;:&quot;none&quot;,&quot;meta_query&quot;:[{&quot;key&quot;:&quot;custom_field_name&quot;,&quot;compare&quot;:&quot;=&quot;,&quot;value&quot;:&quot;&quot;}],&quot;orderby&quot;:&quot;date&quot;,&quot;orderby_custom_field&quot;:&quot;&quot;,&quot;orderby_custom_type&quot;:0,&quot;order_invert&quot;:&quot;1&quot;,&quot;show_all&quot;:&quot;1&quot;,&quot;quantity&quot;:&quot;12&quot;,&quot;posts_per_archive_page&quot;:0,&quot;no_items_action&quot;:&quot;message&quot;,&quot;no_items_message&quot;:&quot;No news is currently available&quot;,&quot;no_items_page_block&quot;:&quot;&quot;,&quot;pagination&quot;:&quot;load_on_scroll&quot;,&quot;pagination_style&quot;:&quot;&quot;,&quot;pagination_btn_text&quot;:&quot;Load More&quot;,&quot;pagination_btn_size&quot;:&quot;&quot;,&quot;pagination_btn_style&quot;:&quot;1&quot;,&quot;pagination_btn_fullwidth&quot;:0,&quot;items_layout&quot;:&quot;1170&quot;,&quot;type&quot;:&quot;grid&quot;,&quot;items_valign&quot;:0,&quot;ignore_items_size&quot;:0,&quot;columns&quot;:&quot;3&quot;,&quot;items_gap&quot;:&quot;1rem&quot;,&quot;load_animation&quot;:&quot;fade&quot;,&quot;items_preload_style&quot;:&quot;spinner&quot;,&quot;img_size&quot;:&quot;default&quot;,&quot;title_size&quot;:&quot;&quot;,&quot;items_ratio&quot;:&quot;default&quot;,&quot;items_ratio_width&quot;:&quot;21&quot;,&quot;items_ratio_height&quot;:&quot;9&quot;,&quot;overriding_link&quot;:&quot;%7B%22type%22%3A%22post%22%7D&quot;,&quot;popup_page_template&quot;:&quot;0&quot;,&quot;popup_width&quot;:&quot;&quot;,&quot;popup_arrows&quot;:1,&quot;breakpoint_1_width&quot;:&quot;1281px&quot;,&quot;breakpoint_1_cols&quot;:&quot;default&quot;,&quot;breakpoint_1_quantity&quot;:&quot;&quot;,&quot;breakpoint_1_gap&quot;:&quot;&quot;,&quot;breakpoint_2_width&quot;:&quot;1025px&quot;,&quot;breakpoint_2_cols&quot;:&quot;2&quot;,&quot;breakpoint_2_quantity&quot;:&quot;&quot;,&quot;breakpoint_2_gap&quot;:&quot;&quot;,&quot;breakpoint_3_width&quot;:&quot;601px&quot;,&quot;breakpoint_3_cols&quot;:&quot;1&quot;,&quot;breakpoint_3_quantity&quot;:&quot;&quot;,&quot;breakpoint_3_gap&quot;:&quot;&quot;,&quot;conditions_operator&quot;:&quot;always&quot;,&quot;conditions&quot;:[],&quot;css&quot;:null,&quot;el_class&quot;:&quot;&quot;,&quot;el_id&quot;:&quot;&quot;,&quot;enable_custom_html_atts&quot;:0,&quot;custom_html_atts&quot;:null,&quot;hide_on_states&quot;:&quot;&quot;,&quot;hide_for_sticky&quot;:0,&quot;hide_for_not_sticky&quot;:0,&quot;hide_below&quot;:&quot;0px&quot;,&quot;hide_above&quot;:&quot;0px&quot;,&quot;classes&quot;:&quot;&quot;},&quot;found_posts&quot;:0,&quot;per_page&quot;:999},&quot;facetedFilter&quot;:[]}'><\/div><\/div><div class=\"w-grid-none type_message\">No news is currently available<\/div><\/div><\/div><\/div><\/div><\/div><\/div><\/div><\/div><\/div><\/section>\n","protected":false},"excerpt":{"rendered":"News No news is currently available","protected":false},"author":10,"featured_media":0,"parent":0,"menu_order":7,"comment_status":"closed","ping_status":"closed","template":"","meta":{"footnotes":""},"class_list":["post-1202","page","type-page","status-publish","hentry"],"yoast_head":"<!-- This site is optimized with the Yoast SEO plugin v27.3 - https:\/\/yoast.com\/product\/yoast-seo-wordpress\/ -->\n<title>News - Pi\u00e8ces d&#039;autos Fernand B\u00e9gin<\/title>\n<meta name=\"robots\" content=\"index, follow, max-snippet:-1, max-image-preview:large, max-video-preview:-1\" \/>\n<link rel=\"canonical\" href=\"https:\/\/fbeginauto.com\/nouvelles\/\" \/>\n<meta property=\"og:locale\" content=\"en_US\" \/>\n<meta property=\"og:type\" content=\"article\" \/>\n<meta property=\"og:title\" content=\"News - Pi\u00e8ces d&#039;autos Fernand B\u00e9gin\" \/>\n<meta property=\"og:url\" content=\"https:\/\/fbeginauto.com\/nouvelles\/\" \/>\n<meta property=\"og:site_name\" content=\"Pi\u00e8ces d&#039;autos Fernand B\u00e9gin\" \/>\n<meta property=\"article:modified_time\" content=\"2024-06-26T18:56:57+00:00\" \/>\n<meta name=\"twitter:card\" content=\"summary_large_image\" \/>\n<meta name=\"twitter:label1\" content=\"Est. reading time\" \/>\n\t<meta name=\"twitter:data1\" content=\"1 minute\" \/>\n<script type=\"application\/ld+json\" class=\"yoast-schema-graph\">{\"@context\":\"https:\\\/\\\/schema.org\",\"@graph\":[{\"@type\":\"WebPage\",\"@id\":\"https:\\\/\\\/fbeginauto.com\\\/nouvelles\\\/\",\"url\":\"https:\\\/\\\/fbeginauto.com\\\/nouvelles\\\/\",\"name\":\"News - Pi\u00e8ces d&#039;autos Fernand B\u00e9gin\",\"isPartOf\":{\"@id\":\"https:\\\/\\\/fbeginauto.com\\\/#website\"},\"datePublished\":\"2024-06-26T12:08:44+00:00\",\"dateModified\":\"2024-06-26T18:56:57+00:00\",\"inLanguage\":\"en-CA\",\"potentialAction\":[{\"@type\":\"ReadAction\",\"target\":[\"https:\\\/\\\/fbeginauto.com\\\/nouvelles\\\/\"]}]},{\"@type\":\"WebSite\",\"@id\":\"https:\\\/\\\/fbeginauto.com\\\/#website\",\"url\":\"https:\\\/\\\/fbeginauto.com\\\/\",\"name\":\"Pi\u00e8ces d&#039;autos Fernand B\u00e9gin\",\"description\":\"Pi\u00e8ces d&#039;autos Fernand B\u00e9gin\",\"potentialAction\":[{\"@type\":\"SearchAction\",\"target\":{\"@type\":\"EntryPoint\",\"urlTemplate\":\"https:\\\/\\\/fbeginauto.com\\\/?s={search_term_string}\"},\"query-input\":{\"@type\":\"PropertyValueSpecification\",\"valueRequired\":true,\"valueName\":\"search_term_string\"}}],\"inLanguage\":\"en-CA\"}]}<\/script>\n<!-- \/ Yoast SEO plugin. -->","yoast_head_json":{"title":"News - Pi\u00e8ces d&#039;autos Fernand B\u00e9gin","robots":{"index":"index","follow":"follow","max-snippet":"max-snippet:-1","max-image-preview":"max-image-preview:large","max-video-preview":"max-video-preview:-1"},"canonical":"https:\/\/fbeginauto.com\/nouvelles\/","og_locale":"en_US","og_type":"article","og_title":"News - Pi\u00e8ces d&#039;autos Fernand B\u00e9gin","og_url":"https:\/\/fbeginauto.com\/nouvelles\/","og_site_name":"Pi\u00e8ces d&#039;autos Fernand B\u00e9gin","article_modified_time":"2024-06-26T18:56:57+00:00","twitter_card":"summary_large_image","twitter_misc":{"Est. reading time":"1 minute"},"schema":{"@context":"https:\/\/schema.org","@graph":[{"@type":"WebPage","@id":"https:\/\/fbeginauto.com\/nouvelles\/","url":"https:\/\/fbeginauto.com\/nouvelles\/","name":"News - Pi\u00e8ces d&#039;autos Fernand B\u00e9gin","isPartOf":{"@id":"https:\/\/fbeginauto.com\/#website"},"datePublished":"2024-06-26T12:08:44+00:00","dateModified":"2024-06-26T18:56:57+00:00","inLanguage":"en-CA","potentialAction":[{"@type":"ReadAction","target":["https:\/\/fbeginauto.com\/nouvelles\/"]}]},{"@type":"WebSite","@id":"https:\/\/fbeginauto.com\/#website","url":"https:\/\/fbeginauto.com\/","name":"Pi\u00e8ces d&#039;autos Fernand B\u00e9gin","description":"Pi\u00e8ces d&#039;autos Fernand B\u00e9gin","potentialAction":[{"@type":"SearchAction","target":{"@type":"EntryPoint","urlTemplate":"https:\/\/fbeginauto.com\/?s={search_term_string}"},"query-input":{"@type":"PropertyValueSpecification","valueRequired":true,"valueName":"search_term_string"}}],"inLanguage":"en-CA"}]}},"_links":{"self":[{"href":"https:\/\/fbeginauto.com\/en\/wp-json\/wp\/v2\/pages\/1202","targetHints":{"allow":["GET"]}}],"collection":[{"href":"https:\/\/fbeginauto.com\/en\/wp-json\/wp\/v2\/pages"}],"about":[{"href":"https:\/\/fbeginauto.com\/en\/wp-json\/wp\/v2\/types\/page"}],"author":[{"embeddable":true,"href":"https:\/\/fbeginauto.com\/en\/wp-json\/wp\/v2\/users\/10"}],"replies":[{"embeddable":true,"href":"https:\/\/fbeginauto.com\/en\/wp-json\/wp\/v2\/comments?post=1202"}],"version-history":[{"count":5,"href":"https:\/\/fbeginauto.com\/en\/wp-json\/wp\/v2\/pages\/1202\/revisions"}],"predecessor-version":[{"id":1215,"href":"https:\/\/fbeginauto.com\/en\/wp-json\/wp\/v2\/pages\/1202\/revisions\/1215"}],"wp:attachment":[{"href":"https:\/\/fbeginauto.com\/en\/wp-json\/wp\/v2\/media?parent=1202"}],"curies":[{"name":"wp","href":"https:\/\/api.w.org\/{rel}","templated":true}]}}