{"id":406,"date":"2020-09-30T18:21:07","date_gmt":"2020-09-30T18:21:07","guid":{"rendered":"https:\/\/fbeginauto.com\/?page_id=406"},"modified":"2020-10-01T12:27:57","modified_gmt":"2020-10-01T12:27:57","slug":"find-a-vehicle","status":"publish","type":"page","link":"https:\/\/fbeginauto.com\/en\/find-a-vehicle\/","title":{"rendered":"Find a vehicle"},"content":{"rendered":"<section class=\"l-section wpb_row height_small\"><div class=\"l-section-h i-cf\"><div class=\"g-cols vc_row via_flex valign_top type_default stacking_default\"><div class=\"vc_col-sm-12 wpb_column vc_column_container\"><div class=\"vc_column-inner\"><div class=\"wpb_wrapper\"><div class=\"g-cols wpb_row us_custom_8d5aa4e2 via_flex valign_top type_default stacking_default\"><div class=\"vc_col-sm-12 wpb_column vc_column_container contactUsBox\"><div class=\"vc_column-inner\"><div class=\"wpb_wrapper\"><div class=\"wpb_text_column us_custom_95233688\"><div class=\"wpb_wrapper\"><div class=\"wpb_text_column us_custom_95233688\">\n<div class=\"wpb_wrapper\">\n<p>Did not find what you were looking for?<\/p>\n<\/div>\n<\/div>\n<\/div><\/div><div class=\"w-btn-wrapper align_right\"><a class=\"w-btn us-btn-style_1 us_custom_68cda339\" title=\"Contact Us\" href=\"https:\/\/fbeginauto.com\/en\/contact-us\/\"><span class=\"w-btn-label\">Contact Us<\/span><\/a><\/div><\/div><\/div><\/div><\/div>\n<div id=\"carTemplate\" class=\"template\">\n    <div class=\"carContainer\">\n        <a href=\"\/en\/car\/{{car_id}}\">\n            <div class=\"carImg\" style=\"background-image: url({{image}})\"><\/div>\n            <p class=\"carTitle\">{{brand}} {{model}}<\/p>\n            <div>\n                <div class=\"carSpecs\">\n                    <span class=\"carSpec year\" title=\"Year\">{{year}}<\/span>\n                    <span class=\"carSpec odometer\" title=\"Odometer\">{{odometer}} {{odometer_type}}<\/span>\n                    <span class=\"carSpec certificate\" title=\"Registration certificate\">{{certificate}}<\/span>\n                <\/div>\n                <p class=\"carPrice\">{{price}}<\/p>\n            <\/div>\n        <\/a>\n    <\/div>\n<\/div>\n\n<div id=\"paginationTemplate\" class=\"template\">\n    <div class=\"font-700\">{{min}} to {{max}} of {{total}} cars<\/div>\n    <div class=\"paginationBtnContainer\">\n        <button class=\"fbcmBtn previousBtn\" onclick=\"previousPage()\">\n            <i class=\"fas fa-angle-double-left\"><\/i>\n        <\/button>\n\n        <div class=\"numberBtnContainer\"><\/div>\n\n        <button class=\"fbcmBtn nextBtn\" onclick=\"nextPage()\">\n            <i class=\"fas fa-angle-double-right\"><\/i>\n        <\/button>\n    <\/div>\n<\/div>\n\n<div id=\"paginationButtonTemplate\" class=\"template\">\n    <button class=\"fbcmBtn pageNumberBtn paginationBtn{{pageNumber}}\" onclick=\"changePage({{pageNumber}})\">\n        <span class=\"w-btn-label\">{{pageNumber}}<\/span>\n    <\/button>\n<\/div>\n\n<div id=\"carsContentContainer\">\n\n    <div id=\"searchContainer\" class=\"searchContainer\">\n        <div class=\"container\">\n            <div class=\"fieldsContainer\">\n                <div class=\"fieldWrapper\">\n                    <select class=\"field\" name=\"searchBrand\" id=\"searchBrand\" title=\"Brands\">\n                        <option value=\"\" selected>Brands<\/option>\n                                                    <option value=\"Acura\">Acura (2)<\/option>\n                                                    <option value=\"BMW\">BMW (2)<\/option>\n                                                    <option value=\"Caravan\/Mt.Home\">Caravan\/Mt.Home (3)<\/option>\n                                                    <option value=\"Chrysler\">Chrysler (10)<\/option>\n                                                    <option value=\"Ford\">Ford (24)<\/option>\n                                                    <option value=\"GM\">GM (39)<\/option>\n                                                    <option value=\"Honda\">Honda (12)<\/option>\n                                                    <option value=\"Hyundai\">Hyundai (20)<\/option>\n                                                    <option value=\"Infiniti\">Infiniti (3)<\/option>\n                                                    <option value=\"Jeep\">Jeep (10)<\/option>\n                                                    <option value=\"Kia\">Kia (16)<\/option>\n                                                    <option value=\"Mazda\">Mazda (4)<\/option>\n                                                    <option value=\"Mercedes-Benz\">Mercedes-Benz (3)<\/option>\n                                                    <option value=\"Mini (Bmw)\">Mini (Bmw) (2)<\/option>\n                                                    <option value=\"Mitsubishi\">Mitsubishi (5)<\/option>\n                                                    <option value=\"Motorcycle\">Motorcycle (25)<\/option>\n                                                    <option value=\"Nissan\">Nissan (27)<\/option>\n                                                    <option value=\"Rover\">Rover (1)<\/option>\n                                                    <option value=\"Saturn\">Saturn (1)<\/option>\n                                                    <option value=\"Subaru\">Subaru (6)<\/option>\n                                                    <option value=\"Toyota\">Toyota (14)<\/option>\n                                                    <option value=\"Trailer\">Trailer (3)<\/option>\n                                                    <option value=\"Vinfast\">Vinfast (1)<\/option>\n                                                    <option value=\"Volkswagen\">Volkswagen (2)<\/option>\n                                            <\/select>\n                <\/div>\n\n                <div class=\"fieldWrapper empty\">\n                    <select class=\"field\" name=\"searchModel\" id=\"searchModel\" title=\"Models\" disabled>\n                        <option value=\"\" selected>Models<\/option>\n                                            <\/select>\n                <\/div>\n\n                <div class=\"fieldWrapper\">\n                    <select class=\"field\" name=\"searchType\" id=\"searchType\" title=\"Types\">\n                        <option value=\"\" selected>Types<\/option>\n                                                    <option value=\"Car\">Car (96)<\/option>\n                                                    <option value=\"Caravan\/Motor home\">Caravan\/Motor home (3)<\/option>\n                                                    <option value=\"Heavy truck\">Heavy truck (3)<\/option>\n                                                    <option value=\"Minivan\">Minivan (5)<\/option>\n                                                    <option value=\"Moto\/ATV\">Moto\/ATV (25)<\/option>\n                                                    <option value=\"Pick-up\">Pick-up (19)<\/option>\n                                                    <option value=\"SUV\">SUV (84)<\/option>\n                                            <\/select>\n                <\/div>\n            <\/div>\n\n            <div class=\"slidersContainer customJQuery\">\n                <div class=\"field slider-field\">\n                    <div class=\"d-flex justify-content-between\">\n                        <span id=\"yearMinSliderValue\" class=\"fieldRangedValues\"><\/span>\n                        <span id=\"yearMaxSliderValue\" class=\"fieldRangedValues\"><\/span>\n                    <\/div>\n                    <div id=\"yearSlider\" data-min-year=\"1979\" data-max-year=\"2026\"><\/div>\n                <\/div>\n\n                <div class=\"field slider-field\">\n                    <div class=\"d-flex justify-content-between\">\n                        <span id=\"priceMinSliderValue\" class=\"fieldRangedValues\"><\/span>\n                        <span id=\"priceMaxSliderValue\" class=\"fieldRangedValues\"><\/span>\n                    <\/div>\n                    <div id=\"priceSlider\" data-min-price=\"650\" data-max-price=\"44100\"><\/div>\n                <\/div>\n            <\/div>\n        <\/div>\n\n        <div class=\"d-flex justify-content-end mt-10px\">\n            <div class=\"flex-width-fit-center\">\n                <button id=\"resetCarsSearch\" class=\"fbcmBtn resetSearchBtn mr-10px\" onclick=\"resetCarsSearch()\" title=\"Reset all search fields\">\n                    <span class=\"w-btn-label\">Reset all<\/span>\n                <\/button>\n            <\/div>\n            <button id=\"searchCars\" class=\"w-btn us-btn-style_1 icon_atright\">\n                <span class=\"w-btn-label\">Search<\/span>\n                <i class=\"fas fa-search\"><\/i>\n            <\/button>\n        <\/div>\n    <\/div>\n\n    <div class=\"mt-50px\">\n        <div id=\"paginationContainerTop\" class=\"paginationContainer mt-20px\"><\/div>\n\n        <div class=\"spinnerContainer emptyContainer\" style=\"margin: 0 -10px;\">\n            <div id=\"carsContainer\" class=\"carsContainer\">\n            <\/div>\n\n            <div id=\"emptyCarsData\" class=\"customEmptyText\">\n                <span class=\"font-700\">No vehicles found.<\/span>\n            <\/div>\n\n            <div id=\"carsLoader\" class=\"customSpinner atTop d-none\">\n                <div class=\"g-preloader type_1\">\n                    <div><\/div>\n                <\/div>\n            <\/div>\n        <\/div>\n\n        <div id=\"paginationContainerBottom\" class=\"paginationContainer mb-20px\"><\/div>\n    <\/div>\n\n<\/div><div class=\"wpb_text_column\"><div class=\"wpb_wrapper\">\n<\/div><\/div><\/div><\/div><\/div><\/div><\/div><\/section>\n","protected":false},"excerpt":{"rendered":"Did not find what you were looking for? Contact Us {{brand}} {{model}} {{year}} {{odometer}} {{odometer_type}} {{certificate}} {{price}} {{min}} to {{max}} of {{total}} cars {{pageNumber}} Brands Acura (2) BMW (2) Caravan\/Mt.Home (3) Chrysler (10) Ford (24) GM (39) Honda (12) Hyundai (20) Infiniti (3) Jeep (10) Kia (16) Mazda (4) Mercedes-Benz (3) Mini (Bmw) (2) Mitsubishi...","protected":false},"author":10,"featured_media":0,"parent":0,"menu_order":2,"comment_status":"closed","ping_status":"closed","template":"","meta":{"footnotes":""},"class_list":["post-406","page","type-page","status-publish","hentry"],"yoast_head":"<!-- This site is optimized with the Yoast SEO plugin v27.3 - https:\/\/yoast.com\/product\/yoast-seo-wordpress\/ -->\n<title>Find a vehicle - Pi\u00e8ces d&#039;autos Fernand B\u00e9gin<\/title>\n<meta name=\"robots\" content=\"index, follow, max-snippet:-1, max-image-preview:large, max-video-preview:-1\" \/>\n<link rel=\"canonical\" href=\"https:\/\/fbeginauto.com\/en\/find-a-vehicle\/\" \/>\n<meta property=\"og:locale\" content=\"en_US\" \/>\n<meta property=\"og:type\" content=\"article\" \/>\n<meta property=\"og:title\" content=\"Find a vehicle - Pi\u00e8ces d&#039;autos Fernand B\u00e9gin\" \/>\n<meta property=\"og:url\" content=\"https:\/\/fbeginauto.com\/en\/find-a-vehicle\/\" \/>\n<meta property=\"og:site_name\" content=\"Pi\u00e8ces d&#039;autos Fernand B\u00e9gin\" \/>\n<meta property=\"article:modified_time\" content=\"2020-10-01T12:27:57+00:00\" \/>\n<meta name=\"twitter:card\" content=\"summary_large_image\" \/>\n<meta name=\"twitter:label1\" content=\"Est. reading time\" \/>\n\t<meta name=\"twitter:data1\" content=\"1 minute\" \/>\n<script type=\"application\/ld+json\" class=\"yoast-schema-graph\">{\"@context\":\"https:\\\/\\\/schema.org\",\"@graph\":[{\"@type\":\"WebPage\",\"@id\":\"https:\\\/\\\/fbeginauto.com\\\/en\\\/find-a-vehicle\\\/\",\"url\":\"https:\\\/\\\/fbeginauto.com\\\/en\\\/find-a-vehicle\\\/\",\"name\":\"Find a vehicle - Pi\u00e8ces d&#039;autos Fernand B\u00e9gin\",\"isPartOf\":{\"@id\":\"https:\\\/\\\/fbeginauto.com\\\/#website\"},\"datePublished\":\"2020-09-30T18:21:07+00:00\",\"dateModified\":\"2020-10-01T12:27:57+00:00\",\"inLanguage\":\"en-CA\",\"potentialAction\":[{\"@type\":\"ReadAction\",\"target\":[\"https:\\\/\\\/fbeginauto.com\\\/en\\\/find-a-vehicle\\\/\"]}]},{\"@type\":\"WebSite\",\"@id\":\"https:\\\/\\\/fbeginauto.com\\\/#website\",\"url\":\"https:\\\/\\\/fbeginauto.com\\\/\",\"name\":\"Pi\u00e8ces d&#039;autos Fernand B\u00e9gin\",\"description\":\"Pi\u00e8ces d&#039;autos Fernand B\u00e9gin\",\"potentialAction\":[{\"@type\":\"SearchAction\",\"target\":{\"@type\":\"EntryPoint\",\"urlTemplate\":\"https:\\\/\\\/fbeginauto.com\\\/?s={search_term_string}\"},\"query-input\":{\"@type\":\"PropertyValueSpecification\",\"valueRequired\":true,\"valueName\":\"search_term_string\"}}],\"inLanguage\":\"en-CA\"}]}<\/script>\n<!-- \/ Yoast SEO plugin. -->","yoast_head_json":{"title":"Find a vehicle - Pi\u00e8ces d&#039;autos Fernand B\u00e9gin","robots":{"index":"index","follow":"follow","max-snippet":"max-snippet:-1","max-image-preview":"max-image-preview:large","max-video-preview":"max-video-preview:-1"},"canonical":"https:\/\/fbeginauto.com\/en\/find-a-vehicle\/","og_locale":"en_US","og_type":"article","og_title":"Find a vehicle - Pi\u00e8ces d&#039;autos Fernand B\u00e9gin","og_url":"https:\/\/fbeginauto.com\/en\/find-a-vehicle\/","og_site_name":"Pi\u00e8ces d&#039;autos Fernand B\u00e9gin","article_modified_time":"2020-10-01T12:27:57+00:00","twitter_card":"summary_large_image","twitter_misc":{"Est. reading time":"1 minute"},"schema":{"@context":"https:\/\/schema.org","@graph":[{"@type":"WebPage","@id":"https:\/\/fbeginauto.com\/en\/find-a-vehicle\/","url":"https:\/\/fbeginauto.com\/en\/find-a-vehicle\/","name":"Find a vehicle - Pi\u00e8ces d&#039;autos Fernand B\u00e9gin","isPartOf":{"@id":"https:\/\/fbeginauto.com\/#website"},"datePublished":"2020-09-30T18:21:07+00:00","dateModified":"2020-10-01T12:27:57+00:00","inLanguage":"en-CA","potentialAction":[{"@type":"ReadAction","target":["https:\/\/fbeginauto.com\/en\/find-a-vehicle\/"]}]},{"@type":"WebSite","@id":"https:\/\/fbeginauto.com\/#website","url":"https:\/\/fbeginauto.com\/","name":"Pi\u00e8ces d&#039;autos Fernand B\u00e9gin","description":"Pi\u00e8ces d&#039;autos Fernand B\u00e9gin","potentialAction":[{"@type":"SearchAction","target":{"@type":"EntryPoint","urlTemplate":"https:\/\/fbeginauto.com\/?s={search_term_string}"},"query-input":{"@type":"PropertyValueSpecification","valueRequired":true,"valueName":"search_term_string"}}],"inLanguage":"en-CA"}]}},"_links":{"self":[{"href":"https:\/\/fbeginauto.com\/en\/wp-json\/wp\/v2\/pages\/406","targetHints":{"allow":["GET"]}}],"collection":[{"href":"https:\/\/fbeginauto.com\/en\/wp-json\/wp\/v2\/pages"}],"about":[{"href":"https:\/\/fbeginauto.com\/en\/wp-json\/wp\/v2\/types\/page"}],"author":[{"embeddable":true,"href":"https:\/\/fbeginauto.com\/en\/wp-json\/wp\/v2\/users\/10"}],"replies":[{"embeddable":true,"href":"https:\/\/fbeginauto.com\/en\/wp-json\/wp\/v2\/comments?post=406"}],"version-history":[{"count":9,"href":"https:\/\/fbeginauto.com\/en\/wp-json\/wp\/v2\/pages\/406\/revisions"}],"predecessor-version":[{"id":489,"href":"https:\/\/fbeginauto.com\/en\/wp-json\/wp\/v2\/pages\/406\/revisions\/489"}],"wp:attachment":[{"href":"https:\/\/fbeginauto.com\/en\/wp-json\/wp\/v2\/media?parent=406"}],"curies":[{"name":"wp","href":"https:\/\/api.w.org\/{rel}","templated":true}]}}