{"id":410,"date":"2020-09-30T18:27:51","date_gmt":"2020-09-30T18:27:51","guid":{"rendered":"https:\/\/fbeginauto.com\/?page_id=410"},"modified":"2025-06-05T11:42:43","modified_gmt":"2025-06-05T15:42:43","slug":"find-vehicle-parts","status":"publish","type":"page","link":"https:\/\/fbeginauto.com\/en\/find-vehicle-parts\/","title":{"rendered":"Find vehicle parts"},"content":{"rendered":"<section class=\"l-section wpb_row us_custom_d7cf1f00 contentContainer height_small\"><div class=\"l-section-h i-cf\"><div class=\"g-cols vc_row via_flex valign_top type_default stacking_default\"><div class=\"vc_col-sm-12 wpb_column vc_column_container\"><div class=\"vc_column-inner\"><div class=\"wpb_wrapper\"><div class=\"g-cols wpb_row via_flex valign_top type_default stacking_default\"><div class=\"vc_col-sm-12 wpb_column vc_column_container\"><div class=\"vc_column-inner\"><div class=\"wpb_wrapper\"><p class=\"w-text us_custom_0e8939cc\"><span class=\"w-text-h\"><span class=\"w-text-value\">Find the right part, at the right price<\/span><\/span><\/p><p class=\"w-text us_custom_6e33ddf6\"><span class=\"w-text-h\"><span class=\"w-text-value\">At Pi\u00e8ces d\u2019autos Fernand B\u00e9gin, we help you find exactly the part you need, new or used, no matter the make or model of your vehicle. Engines, transmissions, doors, headlights, starters, suspensions\u2026 Our inventory includes all types of parts for cars, SUVs and pickup trucks. And we ship across Canada.<\/span><\/span><\/p><p class=\"w-text us_custom_6e33ddf6\"><span class=\"w-text-h\"><span class=\"w-text-value\">Whether you&#039;re a car owner or a professional in the auto industry, our service is designed to meet your needs quickly and efficiently.<\/span><\/span><\/p><div class=\"w-btn-wrapper align_none\"><a class=\"w-btn us-btn-style_1 icon_atleft\" target=\"_blank\" rel=\"nofollow\" href=\"https:\/\/www.quarpro.com\/partenaire\/begin\/search\"><i class=\"fas fa-external-link-alt\"><\/i><span class=\"w-btn-label\">Check our online inventory now!<\/span><\/a><\/div><div class=\"w-separator size_medium\"><\/div><div class=\"w-image align_center\"><div class=\"w-image-h\"><img decoding=\"async\" width=\"1024\" height=\"1024\" src=\"https:\/\/fbeginauto.com\/wp-content\/uploads\/2020\/08\/Travailleur_1-1024x1024.jpg\" class=\"attachment-large size-large\" alt=\"\" loading=\"lazy\" srcset=\"https:\/\/fbeginauto.com\/wp-content\/uploads\/2020\/08\/Travailleur_1-1024x1024.jpg 1024w, https:\/\/fbeginauto.com\/wp-content\/uploads\/2020\/08\/Travailleur_1-300x300.jpg 300w, https:\/\/fbeginauto.com\/wp-content\/uploads\/2020\/08\/Travailleur_1-150x150.jpg 150w, https:\/\/fbeginauto.com\/wp-content\/uploads\/2020\/08\/Travailleur_1.jpg 1671w\" sizes=\"auto, (max-width: 1024px) 100vw, 1024px\" \/><\/div><\/div><div class=\"w-separator size_medium\"><\/div><p class=\"w-text us_custom_0e8939cc\"><span class=\"w-text-h\"><span class=\"w-text-value\">A wide inventory for all your auto needs<\/span><\/span><\/p><div class=\"wpb_text_column\"><div class=\"wpb_wrapper\"><ul>\n<li data-start=\"768\" data-end=\"777\">Engines<\/li>\n<li data-start=\"768\" data-end=\"777\">Transmissions<\/li>\n<li data-start=\"768\" data-end=\"777\">Starters<\/li>\n<li data-start=\"768\" data-end=\"777\">Doors, hoods, fenders<\/li>\n<li data-start=\"768\" data-end=\"777\">Suspensions<\/li>\n<li data-start=\"768\" data-end=\"777\">Windows, lights<\/li>\n<li data-start=\"768\" data-end=\"777\">Batteries, alternators<\/li>\n<li data-start=\"768\" data-end=\"777\">And more<\/li>\n<\/ul>\n<p><strong data-start=\"912\" data-end=\"944\">New and used parts available<\/strong><\/p>\n<p>Whatever you\u2019re looking for, we\u2019ve got it. All our used parts are carefully inspected and come with a condition-based warranty, giving you peace of mind with every purchase.<\/p>\n<\/div><\/div><p class=\"w-text us_custom_0e8939cc\"><span class=\"w-text-h\"><span class=\"w-text-value\">Why choose Pi\u00e8ces d\u2019autos Fernand B\u00e9gin?<\/span><\/span><\/p><div class=\"w-iconbox iconpos_top style_default color_primary align_center no_text icontype_img\"><div class=\"w-iconbox-icon\" style=\"font-size:4rem;\"><img loading=\"lazy\" decoding=\"async\" width=\"200\" height=\"200\" src=\"https:\/\/fbeginauto.com\/wp-content\/uploads\/2025\/06\/204888-200.png\" class=\"attachment-full size-full\" alt=\"\" srcset=\"https:\/\/fbeginauto.com\/wp-content\/uploads\/2025\/06\/204888-200.png 200w, https:\/\/fbeginauto.com\/wp-content\/uploads\/2025\/06\/204888-200-150x150.png 150w\" sizes=\"auto, (max-width: 200px) 100vw, 200px\" \/><\/div><div class=\"w-iconbox-meta\"><p class=\"w-iconbox-title\" style=\"font-size:18PX;\">A 100% Quebec-owned company, in business for over 45 years<\/p><\/div><\/div><div class=\"w-iconbox iconpos_top style_default color_primary align_center no_text\"><div class=\"w-iconbox-icon\" style=\"font-size:3rem;\"><i class=\"fas fa-truck\"><\/i><\/div><div class=\"w-iconbox-meta\"><p class=\"w-iconbox-title\" style=\"font-size:18PX;\">Fast delivery anywhere in Canada<\/p><\/div><\/div><div class=\"w-iconbox iconpos_top style_default color_primary align_center no_text icontype_img\"><div class=\"w-iconbox-icon\" style=\"font-size:4rem;\"><img loading=\"lazy\" decoding=\"async\" width=\"400\" height=\"400\" src=\"https:\/\/fbeginauto.com\/wp-content\/uploads\/2025\/06\/people-user-team-transparent-free-png.webp\" class=\"attachment-full size-full\" alt=\"\" srcset=\"https:\/\/fbeginauto.com\/wp-content\/uploads\/2025\/06\/people-user-team-transparent-free-png.webp 400w, https:\/\/fbeginauto.com\/wp-content\/uploads\/2025\/06\/people-user-team-transparent-free-png-300x300.webp 300w, https:\/\/fbeginauto.com\/wp-content\/uploads\/2025\/06\/people-user-team-transparent-free-png-150x150.webp 150w\" sizes=\"auto, (max-width: 400px) 100vw, 400px\" \/><\/div><div class=\"w-iconbox-meta\"><p class=\"w-iconbox-title\" style=\"font-size:18PX;\">A team of specialists ready to help you<\/p><\/div><\/div><div class=\"w-iconbox iconpos_top style_default color_primary align_center no_text\"><div class=\"w-iconbox-icon\" style=\"font-size:3rem;\"><i class=\"fas fa-tools\"><\/i><\/div><div class=\"w-iconbox-meta\"><p class=\"w-iconbox-title\" style=\"font-size:18PX;\">Personalized service, online or by phone<\/p><\/div><\/div><div class=\"w-iconbox iconpos_top style_default color_primary align_center no_text icontype_img\"><div class=\"w-iconbox-icon\" style=\"font-size:4rem;\"><img loading=\"lazy\" decoding=\"async\" width=\"1080\" height=\"1080\" src=\"https:\/\/fbeginauto.com\/wp-content\/uploads\/2025\/06\/icone-developpement-durable.png\" class=\"attachment-full size-full\" alt=\"\" srcset=\"https:\/\/fbeginauto.com\/wp-content\/uploads\/2025\/06\/icone-developpement-durable.png 1080w, https:\/\/fbeginauto.com\/wp-content\/uploads\/2025\/06\/icone-developpement-durable-300x300.png 300w, https:\/\/fbeginauto.com\/wp-content\/uploads\/2025\/06\/icone-developpement-durable-1024x1024.png 1024w, https:\/\/fbeginauto.com\/wp-content\/uploads\/2025\/06\/icone-developpement-durable-150x150.png 150w\" sizes=\"auto, (max-width: 1080px) 100vw, 1080px\" \/><\/div><div class=\"w-iconbox-meta\"><p class=\"w-iconbox-title\" style=\"font-size:18PX;\">A responsible approach: we recover and recirculate quality used parts<\/p><\/div><\/div><div class=\"w-separator size_medium\"><\/div><p class=\"w-text us_custom_0e8939cc\"><span class=\"w-text-h\"><span class=\"w-text-value\">How does it work?<\/span><\/span><\/p><div class=\"wpb_text_column\"><div class=\"wpb_wrapper\"><ul>\n<li data-start=\"1475\" data-end=\"1508\"><strong data-start=\"1475\" data-end=\"1485\">Search<\/strong> our online inventory<\/li>\n<li data-start=\"1475\" data-end=\"1508\"><strong data-start=\"1511\" data-end=\"1522\">Confirm<\/strong> availability with our team<\/li>\n<li data-start=\"1475\" data-end=\"1508\"><strong data-start=\"1554\" data-end=\"1563\">Order<\/strong> your part (new or used)<\/li>\n<li data-start=\"1590\" data-end=\"1644\">\n<p data-start=\"1592\" data-end=\"1644\"><strong data-start=\"1592\" data-end=\"1606\">Receive it<\/strong> quickly, wherever you are in Quebec<\/p>\n<\/li>\n<\/ul>\n<\/div><\/div><div class=\"w-separator size_medium\"><\/div><p class=\"w-text us_custom_6e33ddf6\"><span class=\"w-text-h\"><span class=\"w-text-value\">Ready to find your part?<\/span><\/span><\/p><div class=\"w-btn-wrapper align_none\"><a class=\"w-btn us-btn-style_1 icon_atleft\" target=\"_blank\" rel=\"nofollow\" href=\"https:\/\/www.quarpro.com\/partenaire\/begin\/search\"><i class=\"fas fa-external-link-alt\"><\/i><span class=\"w-btn-label\">Check our online inventory now!<\/span><\/a><\/div><\/div><\/div><\/div><\/div><\/div><\/div><\/div><div class=\"vc_col-sm-12 wpb_column vc_column_container\"><div class=\"vc_column-inner\"><div class=\"wpb_wrapper\"><\/div><\/div><\/div><\/div><\/div><\/section>\n","protected":false},"excerpt":{"rendered":"Find the right part, at the right priceAt Pi\u00e8ces d\u2019autos Fernand B\u00e9gin, we help you find exactly the part you need, new or used, no matter the make or model of your vehicle. Engines, transmissions, doors, headlights, starters, suspensions\u2026 Our inventory includes all types of parts for cars, SUVs and pickup trucks. And we ship...","protected":false},"author":10,"featured_media":0,"parent":0,"menu_order":3,"comment_status":"closed","ping_status":"closed","template":"","meta":{"footnotes":""},"class_list":["post-410","page","type-page","status-publish","hentry"],"yoast_head":"<!-- This site is optimized with the Yoast SEO plugin v27.3 - https:\/\/yoast.com\/product\/yoast-seo-wordpress\/ -->\n<title>New and used auto parts \u2013 Pi\u00e8ces d\u2019autos Fernand B\u00e9gin<\/title>\n<meta name=\"description\" content=\"At Fernand B\u00e9gin, buying new and used auto parts is easy. Our online search tool will help you find exactly what you need.\" \/>\n<meta name=\"robots\" content=\"index, follow, max-snippet:-1, max-image-preview:large, max-video-preview:-1\" \/>\n<link rel=\"canonical\" href=\"https:\/\/fbeginauto.com\/en\/find-vehicle-parts\/\" \/>\n<meta property=\"og:locale\" content=\"en_US\" \/>\n<meta property=\"og:type\" content=\"article\" \/>\n<meta property=\"og:title\" content=\"New and used auto parts \u2013 Pi\u00e8ces d\u2019autos Fernand B\u00e9gin\" \/>\n<meta property=\"og:description\" content=\"At Fernand B\u00e9gin, buying new and used auto parts is easy. Our online search tool will help you find exactly what you need.\" \/>\n<meta property=\"og:url\" content=\"https:\/\/fbeginauto.com\/en\/find-vehicle-parts\/\" \/>\n<meta property=\"og:site_name\" content=\"Pi\u00e8ces d&#039;autos Fernand B\u00e9gin\" \/>\n<meta property=\"article:modified_time\" content=\"2025-06-05T15:42:43+00:00\" \/>\n<meta name=\"twitter:card\" content=\"summary_large_image\" \/>\n<meta name=\"twitter:label1\" content=\"Est. reading time\" \/>\n\t<meta name=\"twitter:data1\" content=\"1 minute\" \/>\n<script type=\"application\/ld+json\" class=\"yoast-schema-graph\">{\"@context\":\"https:\\\/\\\/schema.org\",\"@graph\":[{\"@type\":\"WebPage\",\"@id\":\"https:\\\/\\\/fbeginauto.com\\\/en\\\/find-vehicle-parts\\\/\",\"url\":\"https:\\\/\\\/fbeginauto.com\\\/en\\\/find-vehicle-parts\\\/\",\"name\":\"New and used auto parts \u2013 Pi\u00e8ces d\u2019autos Fernand B\u00e9gin\",\"isPartOf\":{\"@id\":\"https:\\\/\\\/fbeginauto.com\\\/#website\"},\"datePublished\":\"2020-09-30T18:27:51+00:00\",\"dateModified\":\"2025-06-05T15:42:43+00:00\",\"description\":\"At Fernand B\u00e9gin, buying new and used auto parts is easy. Our online search tool will help you find exactly what you need.\",\"inLanguage\":\"en-CA\",\"potentialAction\":[{\"@type\":\"ReadAction\",\"target\":[\"https:\\\/\\\/fbeginauto.com\\\/en\\\/find-vehicle-parts\\\/\"]}]},{\"@type\":\"WebSite\",\"@id\":\"https:\\\/\\\/fbeginauto.com\\\/#website\",\"url\":\"https:\\\/\\\/fbeginauto.com\\\/\",\"name\":\"Pi\u00e8ces d&#039;autos Fernand B\u00e9gin\",\"description\":\"Pi\u00e8ces d&#039;autos Fernand B\u00e9gin\",\"potentialAction\":[{\"@type\":\"SearchAction\",\"target\":{\"@type\":\"EntryPoint\",\"urlTemplate\":\"https:\\\/\\\/fbeginauto.com\\\/?s={search_term_string}\"},\"query-input\":{\"@type\":\"PropertyValueSpecification\",\"valueRequired\":true,\"valueName\":\"search_term_string\"}}],\"inLanguage\":\"en-CA\"}]}<\/script>\n<!-- \/ Yoast SEO plugin. -->","yoast_head_json":{"title":"New and used auto parts \u2013 Pi\u00e8ces d\u2019autos Fernand B\u00e9gin","description":"At Fernand B\u00e9gin, buying new and used auto parts is easy. Our online search tool will help you find exactly what you need.","robots":{"index":"index","follow":"follow","max-snippet":"max-snippet:-1","max-image-preview":"max-image-preview:large","max-video-preview":"max-video-preview:-1"},"canonical":"https:\/\/fbeginauto.com\/en\/find-vehicle-parts\/","og_locale":"en_US","og_type":"article","og_title":"New and used auto parts \u2013 Pi\u00e8ces d\u2019autos Fernand B\u00e9gin","og_description":"At Fernand B\u00e9gin, buying new and used auto parts is easy. Our online search tool will help you find exactly what you need.","og_url":"https:\/\/fbeginauto.com\/en\/find-vehicle-parts\/","og_site_name":"Pi\u00e8ces d&#039;autos Fernand B\u00e9gin","article_modified_time":"2025-06-05T15:42:43+00:00","twitter_card":"summary_large_image","twitter_misc":{"Est. reading time":"1 minute"},"schema":{"@context":"https:\/\/schema.org","@graph":[{"@type":"WebPage","@id":"https:\/\/fbeginauto.com\/en\/find-vehicle-parts\/","url":"https:\/\/fbeginauto.com\/en\/find-vehicle-parts\/","name":"New and used auto parts \u2013 Pi\u00e8ces d\u2019autos Fernand B\u00e9gin","isPartOf":{"@id":"https:\/\/fbeginauto.com\/#website"},"datePublished":"2020-09-30T18:27:51+00:00","dateModified":"2025-06-05T15:42:43+00:00","description":"At Fernand B\u00e9gin, buying new and used auto parts is easy. Our online search tool will help you find exactly what you need.","inLanguage":"en-CA","potentialAction":[{"@type":"ReadAction","target":["https:\/\/fbeginauto.com\/en\/find-vehicle-parts\/"]}]},{"@type":"WebSite","@id":"https:\/\/fbeginauto.com\/#website","url":"https:\/\/fbeginauto.com\/","name":"Pi\u00e8ces d&#039;autos Fernand B\u00e9gin","description":"Pi\u00e8ces d&#039;autos Fernand B\u00e9gin","potentialAction":[{"@type":"SearchAction","target":{"@type":"EntryPoint","urlTemplate":"https:\/\/fbeginauto.com\/?s={search_term_string}"},"query-input":{"@type":"PropertyValueSpecification","valueRequired":true,"valueName":"search_term_string"}}],"inLanguage":"en-CA"}]}},"_links":{"self":[{"href":"https:\/\/fbeginauto.com\/en\/wp-json\/wp\/v2\/pages\/410","targetHints":{"allow":["GET"]}}],"collection":[{"href":"https:\/\/fbeginauto.com\/en\/wp-json\/wp\/v2\/pages"}],"about":[{"href":"https:\/\/fbeginauto.com\/en\/wp-json\/wp\/v2\/types\/page"}],"author":[{"embeddable":true,"href":"https:\/\/fbeginauto.com\/en\/wp-json\/wp\/v2\/users\/10"}],"replies":[{"embeddable":true,"href":"https:\/\/fbeginauto.com\/en\/wp-json\/wp\/v2\/comments?post=410"}],"version-history":[{"count":8,"href":"https:\/\/fbeginauto.com\/en\/wp-json\/wp\/v2\/pages\/410\/revisions"}],"predecessor-version":[{"id":1342,"href":"https:\/\/fbeginauto.com\/en\/wp-json\/wp\/v2\/pages\/410\/revisions\/1342"}],"wp:attachment":[{"href":"https:\/\/fbeginauto.com\/en\/wp-json\/wp\/v2\/media?parent=410"}],"curies":[{"name":"wp","href":"https:\/\/api.w.org\/{rel}","templated":true}]}}