{"id":413,"date":"2020-09-30T18:28:47","date_gmt":"2020-09-30T18:28:47","guid":{"rendered":"https:\/\/fbeginauto.com\/?page_id=413"},"modified":"2021-01-29T15:01:57","modified_gmt":"2021-01-29T15:01:57","slug":"sell-your-used-car","status":"publish","type":"page","link":"https:\/\/fbeginauto.com\/en\/sell-your-used-car\/","title":{"rendered":"Sell your used car"},"content":{"rendered":"<section class=\"l-section wpb_row us_custom_e11ab399 contentContainer height_small\"><div class=\"l-section-h i-cf\"><div class=\"g-cols vc_row via_flex valign_top type_default stacking_default\"><div class=\"vc_col-sm-12 wpb_column vc_column_container\"><div class=\"vc_column-inner\"><div class=\"wpb_wrapper\"><div class=\"g-cols wpb_row via_flex valign_top type_default stacking_default\"><div class=\"vc_col-sm-12 wpb_column vc_column_container\"><div class=\"vc_column-inner\"><div class=\"wpb_wrapper\"><div class=\"wpb_text_column us_custom_a5c88937\"><div class=\"wpb_wrapper\"><p style=\"text-align: justify;\"><strong>To ensure you get the best price for your car, please contact us directly by phone or fill out the form and a representative will get back to you shortly.<\/strong><\/p>\n<\/div><\/div><div class=\"w-hwrapper valign_top wrap align_none\" style=\"--hwrapper-gap:3rem\"><div class=\"wpb_text_column us_custom_83893d34 has_text_color\"><div class=\"wpb_wrapper\"><h4><strong>418-228-2413<\/strong><\/h4>\n<\/div><\/div><div class=\"wpb_text_column us_custom_83893d34 has_text_color\"><div class=\"wpb_wrapper\"><h4><strong>1-800-463-1688<\/strong><\/h4>\n<\/div><\/div><\/div><\/div><\/div><\/div><\/div><\/div><\/div><\/div><\/div><\/div><\/section><section class=\"l-section wpb_row contentContainer height_small\"><div class=\"l-section-h i-cf\"><div class=\"g-cols vc_row via_flex valign_top type_default stacking_default\"><div class=\"vc_col-sm-12 wpb_column vc_column_container\"><div class=\"vc_column-inner\"><div class=\"wpb_wrapper\">\n<div class=\"wpcf7 no-js\" id=\"wpcf7-f659-o1\" lang=\"en-CA\" dir=\"ltr\" data-wpcf7-id=\"659\">\n<div class=\"screen-reader-response\"><p role=\"status\" aria-live=\"polite\" aria-atomic=\"true\"><\/p> <ul><\/ul><\/div>\n<form action=\"\/en\/wp-json\/wp\/v2\/pages\/413#wpcf7-f659-o1\" method=\"post\" class=\"wpcf7-form init wpcf7-acceptance-as-validation\" aria-label=\"Contact form\" novalidate=\"novalidate\" data-status=\"init\">\n<fieldset class=\"hidden-fields-container\"><input type=\"hidden\" name=\"_wpcf7\" value=\"659\" \/><input type=\"hidden\" name=\"_wpcf7_version\" value=\"6.1.5\" \/><input type=\"hidden\" name=\"_wpcf7_locale\" value=\"en_CA\" \/><input type=\"hidden\" name=\"_wpcf7_unit_tag\" value=\"wpcf7-f659-o1\" \/><input type=\"hidden\" name=\"_wpcf7_container_post\" value=\"0\" \/><input type=\"hidden\" name=\"_wpcf7_posted_data_hash\" value=\"\" \/><input type=\"hidden\" name=\"_wpcf7_recaptcha_response\" value=\"\" \/>\n<\/fieldset>\n<div class=\"customFormStyle\">\n\t<p><label>Full name *<br \/>\n<span class=\"wpcf7-form-control-wrap\" data-name=\"your-full-name\"><input size=\"40\" maxlength=\"400\" class=\"wpcf7-form-control wpcf7-text wpcf7-validates-as-required\" aria-required=\"true\" aria-invalid=\"false\" value=\"\" type=\"text\" name=\"your-full-name\" \/><\/span><\/label>\n\t<\/p>\n\t<p><label>Year *<br \/>\n<span class=\"wpcf7-form-control-wrap\" data-name=\"your-car-year\"><input size=\"40\" maxlength=\"400\" class=\"wpcf7-form-control wpcf7-text wpcf7-validates-as-required\" aria-required=\"true\" aria-invalid=\"false\" value=\"\" type=\"text\" name=\"your-car-year\" \/><\/span><\/label>\n\t<\/p>\n\t<p><label>Brand *<br \/>\n<span class=\"wpcf7-form-control-wrap\" data-name=\"your-car-brand\"><input size=\"40\" maxlength=\"400\" class=\"wpcf7-form-control wpcf7-text wpcf7-validates-as-required\" aria-required=\"true\" aria-invalid=\"false\" value=\"\" type=\"text\" name=\"your-car-brand\" \/><\/span><\/label>\n\t<\/p>\n\t<p><label>Model *<br \/>\n<span class=\"wpcf7-form-control-wrap\" data-name=\"your-car-model\"><input size=\"40\" maxlength=\"400\" class=\"wpcf7-form-control wpcf7-text wpcf7-validates-as-required\" aria-required=\"true\" aria-invalid=\"false\" value=\"\" type=\"text\" name=\"your-car-model\" \/><\/span><\/label>\n\t<\/p>\n\t<div class=\"form-col-2\">\n\t\t<p><label>Email<br \/>\n<span class=\"wpcf7-form-control-wrap\" data-name=\"your-email\"><input size=\"40\" maxlength=\"400\" class=\"wpcf7-form-control wpcf7-email wpcf7-text wpcf7-validates-as-email\" aria-invalid=\"false\" value=\"\" type=\"email\" name=\"your-email\" \/><\/span><\/label>\n\t\t<\/p>\n\t\t<p><label>Phone *<br \/>\n<span class=\"wpcf7-form-control-wrap\" data-name=\"your-phone\"><input size=\"40\" maxlength=\"400\" class=\"wpcf7-form-control wpcf7-tel wpcf7-validates-as-required wpcf7-text wpcf7-validates-as-tel\" aria-required=\"true\" aria-invalid=\"false\" value=\"\" type=\"tel\" name=\"your-phone\" \/><\/span><\/label>\n\t\t<\/p>\n\t<\/div>\n\t<p><label>Additional Information<br \/>\n<span class=\"wpcf7-form-control-wrap\" data-name=\"your-other-infos\"><textarea cols=\"40\" rows=\"10\" maxlength=\"2000\" class=\"wpcf7-form-control wpcf7-textarea\" aria-invalid=\"false\" name=\"your-other-infos\"><\/textarea><\/span><\/label>\n\t<\/p>\n\t<p><label><span class=\"wpcf7-form-control-wrap\" data-name=\"your-data-consent\"><span class=\"wpcf7-form-control wpcf7-acceptance\"><span class=\"wpcf7-list-item\"><label><input type=\"checkbox\" name=\"your-data-consent\" value=\"1\" aria-invalid=\"false\" \/><span class=\"wpcf7-list-item-label\">I agree that the information entered will be used to process my request<\/span><\/label><\/span><\/span><\/span><\/label>\n\t<\/p>\n\t<div class=\"googlePrivacyText\">\n\t\t<p>This site is protected by reCAPTCHA and the Google <a href=\"https:\/\/policies.google.com\/privacy\" target=\"_blank\"> Privacy Policy <\/a> and <a href=\"https:\/\/policies.google.com\/terms\" target=\"_blank\"> Terms of Service <\/a> apply.\n\t\t<\/p>\n\t<\/div>\n\t<p><input class=\"wpcf7-form-control wpcf7-submit has-spinner\" type=\"submit\" value=\"Send\" \/>\n\t<\/p>\n<\/div><div class=\"wpcf7-response-output\" aria-hidden=\"true\"><\/div>\n<\/form>\n<\/div>\n<\/div><\/div><\/div><\/div><\/div><\/section>\n","protected":false},"excerpt":{"rendered":"To ensure you get the best price for your car, please contact us directly by phone or fill out the form and a representative will get back to you shortly. 418-228-2413 1-800-463-1688 Full name * Year * Brand * Model * Email Phone * Additional Information I agree that the information entered will be used...","protected":false},"author":10,"featured_media":0,"parent":0,"menu_order":4,"comment_status":"closed","ping_status":"closed","template":"","meta":{"footnotes":""},"class_list":["post-413","page","type-page","status-publish","hentry"],"yoast_head":"<!-- This site is optimized with the Yoast SEO plugin v27.3 - https:\/\/yoast.com\/product\/yoast-seo-wordpress\/ -->\n<title>Sell your used car - Pi\u00e8ces d&#039;autos Fernand B\u00e9gin<\/title>\n<meta name=\"robots\" content=\"index, follow, max-snippet:-1, max-image-preview:large, max-video-preview:-1\" \/>\n<link rel=\"canonical\" href=\"https:\/\/fbeginauto.com\/vendre-votre-auto\/\" \/>\n<meta property=\"og:locale\" content=\"en_US\" \/>\n<meta property=\"og:type\" content=\"article\" \/>\n<meta property=\"og:title\" content=\"Sell your used car - Pi\u00e8ces d&#039;autos Fernand B\u00e9gin\" \/>\n<meta property=\"og:url\" content=\"https:\/\/fbeginauto.com\/vendre-votre-auto\/\" \/>\n<meta property=\"og:site_name\" content=\"Pi\u00e8ces d&#039;autos Fernand B\u00e9gin\" \/>\n<meta property=\"article:modified_time\" content=\"2021-01-29T15:01:57+00:00\" \/>\n<meta name=\"twitter:card\" content=\"summary_large_image\" \/>\n<meta name=\"twitter:label1\" content=\"Est. reading time\" \/>\n\t<meta name=\"twitter:data1\" content=\"1 minute\" \/>\n<script type=\"application\/ld+json\" class=\"yoast-schema-graph\">{\"@context\":\"https:\\\/\\\/schema.org\",\"@graph\":[{\"@type\":\"WebPage\",\"@id\":\"https:\\\/\\\/fbeginauto.com\\\/vendre-votre-auto\\\/\",\"url\":\"https:\\\/\\\/fbeginauto.com\\\/vendre-votre-auto\\\/\",\"name\":\"Sell your used car - Pi\u00e8ces d&#039;autos Fernand B\u00e9gin\",\"isPartOf\":{\"@id\":\"https:\\\/\\\/fbeginauto.com\\\/#website\"},\"datePublished\":\"2020-09-30T18:28:47+00:00\",\"dateModified\":\"2021-01-29T15:01:57+00:00\",\"inLanguage\":\"en-CA\",\"potentialAction\":[{\"@type\":\"ReadAction\",\"target\":[\"https:\\\/\\\/fbeginauto.com\\\/vendre-votre-auto\\\/\"]}]},{\"@type\":\"WebSite\",\"@id\":\"https:\\\/\\\/fbeginauto.com\\\/#website\",\"url\":\"https:\\\/\\\/fbeginauto.com\\\/\",\"name\":\"Pi\u00e8ces d&#039;autos Fernand B\u00e9gin\",\"description\":\"Pi\u00e8ces d&#039;autos Fernand B\u00e9gin\",\"potentialAction\":[{\"@type\":\"SearchAction\",\"target\":{\"@type\":\"EntryPoint\",\"urlTemplate\":\"https:\\\/\\\/fbeginauto.com\\\/?s={search_term_string}\"},\"query-input\":{\"@type\":\"PropertyValueSpecification\",\"valueRequired\":true,\"valueName\":\"search_term_string\"}}],\"inLanguage\":\"en-CA\"}]}<\/script>\n<!-- \/ Yoast SEO plugin. -->","yoast_head_json":{"title":"Sell your used car - Pi\u00e8ces d&#039;autos Fernand B\u00e9gin","robots":{"index":"index","follow":"follow","max-snippet":"max-snippet:-1","max-image-preview":"max-image-preview:large","max-video-preview":"max-video-preview:-1"},"canonical":"https:\/\/fbeginauto.com\/vendre-votre-auto\/","og_locale":"en_US","og_type":"article","og_title":"Sell your used car - Pi\u00e8ces d&#039;autos Fernand B\u00e9gin","og_url":"https:\/\/fbeginauto.com\/vendre-votre-auto\/","og_site_name":"Pi\u00e8ces d&#039;autos Fernand B\u00e9gin","article_modified_time":"2021-01-29T15:01:57+00:00","twitter_card":"summary_large_image","twitter_misc":{"Est. reading time":"1 minute"},"schema":{"@context":"https:\/\/schema.org","@graph":[{"@type":"WebPage","@id":"https:\/\/fbeginauto.com\/vendre-votre-auto\/","url":"https:\/\/fbeginauto.com\/vendre-votre-auto\/","name":"Sell your used car - Pi\u00e8ces d&#039;autos Fernand B\u00e9gin","isPartOf":{"@id":"https:\/\/fbeginauto.com\/#website"},"datePublished":"2020-09-30T18:28:47+00:00","dateModified":"2021-01-29T15:01:57+00:00","inLanguage":"en-CA","potentialAction":[{"@type":"ReadAction","target":["https:\/\/fbeginauto.com\/vendre-votre-auto\/"]}]},{"@type":"WebSite","@id":"https:\/\/fbeginauto.com\/#website","url":"https:\/\/fbeginauto.com\/","name":"Pi\u00e8ces d&#039;autos Fernand B\u00e9gin","description":"Pi\u00e8ces d&#039;autos Fernand B\u00e9gin","potentialAction":[{"@type":"SearchAction","target":{"@type":"EntryPoint","urlTemplate":"https:\/\/fbeginauto.com\/?s={search_term_string}"},"query-input":{"@type":"PropertyValueSpecification","valueRequired":true,"valueName":"search_term_string"}}],"inLanguage":"en-CA"}]}},"_links":{"self":[{"href":"https:\/\/fbeginauto.com\/en\/wp-json\/wp\/v2\/pages\/413","targetHints":{"allow":["GET"]}}],"collection":[{"href":"https:\/\/fbeginauto.com\/en\/wp-json\/wp\/v2\/pages"}],"about":[{"href":"https:\/\/fbeginauto.com\/en\/wp-json\/wp\/v2\/types\/page"}],"author":[{"embeddable":true,"href":"https:\/\/fbeginauto.com\/en\/wp-json\/wp\/v2\/users\/10"}],"replies":[{"embeddable":true,"href":"https:\/\/fbeginauto.com\/en\/wp-json\/wp\/v2\/comments?post=413"}],"version-history":[{"count":7,"href":"https:\/\/fbeginauto.com\/en\/wp-json\/wp\/v2\/pages\/413\/revisions"}],"predecessor-version":[{"id":663,"href":"https:\/\/fbeginauto.com\/en\/wp-json\/wp\/v2\/pages\/413\/revisions\/663"}],"wp:attachment":[{"href":"https:\/\/fbeginauto.com\/en\/wp-json\/wp\/v2\/media?parent=413"}],"curies":[{"name":"wp","href":"https:\/\/api.w.org\/{rel}","templated":true}]}}