{"id":427,"date":"2020-09-30T18:44:34","date_gmt":"2020-09-30T18:44:34","guid":{"rendered":"https:\/\/fbeginauto.com\/?page_id=427"},"modified":"2025-01-07T08:25:19","modified_gmt":"2025-01-07T13:25:19","slug":"contact-us","status":"publish","type":"page","link":"https:\/\/fbeginauto.com\/en\/contact-us\/","title":{"rendered":"Contact Us"},"content":{"rendered":"<section class=\"l-section wpb_row contentContainer height_small\"><div class=\"l-section-h i-cf\"><div class=\"g-cols vc_row via_flex valign_top type_default stacking_default\"><div class=\"vc_col-sm-6 wpb_column vc_column_container\"><div class=\"vc_column-inner\"><div class=\"wpb_wrapper\"><div class=\"wpb_text_column us_custom_2774bef1\"><div class=\"wpb_wrapper\"><h3>Coordinates<\/h3>\n<table class=\"footerHoursTable\">\n<tbody>\n<tr>\n<td><strong>Free of charge :<\/strong><\/td>\n<td>1-800-463-1688<\/td>\n<\/tr>\n<\/tbody>\n<\/table>\n<p><strong>Site of Saint-Philibert<\/strong><br \/>\n(418) 228-2413<br \/>\n416 rang F.B\u00e9gin, Saint-Philibert, Qu\u00e9bec, Canada, G0M 1X0<\/p>\n<p><strong>Site of Saint-Georges<\/strong><br \/>\n(418) 228-9151<br \/>\n7373 127e rue, Saint-Georges, Qu\u00e9bec, Canada, G5Y 5B9<\/p>\n<p><strong>Site of Saint-Gilles<\/strong><br \/>\n(418) 692-1212<br \/>\n200 QC-116, Saint-Gilles, Qu\u00e9bec, Canada, G0S 2P0<\/p>\n<\/div><\/div><div class=\"w-separator size_custom with_line width_default thick_1 style_solid color_border align_center\" style=\"height:40px\"><div class=\"w-separator-h\"><\/div><\/div><div class=\"wpb_text_column\"><div class=\"wpb_wrapper\"><p><strong>Fran\u00e7ois B\u00e9gin<\/strong><br \/>\nPrivacy Officer<\/p>\n<p><strong>Email addresses<\/strong><br \/>\nParts sale: <a href=\"mailto:pieces@fbeginauto.com\">pieces@fbeginauto.com<\/a><br \/>\nHuman ressources: <a href=\"mailto:leclerc.catherine@fbeginauto.com\">leclerc.catherine@fbeginauto.com<\/a><br \/>\nAccount payable: <a href=\"mailto:cap@fbeginauto.com\">cap@fbeginauto.com<\/a><br \/>\nReceive account: <a href=\"mailto:lamontagne.melissa@fbeginauto.com\">lamontagne.melissa@fbeginauto.com<\/a><br \/>\nAdditional Info: <a href=\"mailto:info@fbeginauto.com\">info@fbeginauto.com<\/a><\/p>\n<\/div><\/div><div class=\"wpb_text_column\"><div class=\"wpb_wrapper\"><h3>Opening hours<\/h3>\n<table class=\"footerHoursTable\">\n<tbody>\n<tr>\n<td><strong>Monday to Friday :<\/strong><\/td>\n<td>8 to 12 am \u2013 1 to 5 pm<\/td>\n<\/tr>\n<tr>\n<td><strong>Weekend :<\/strong><\/td>\n<td>CLOSED<\/td>\n<\/tr>\n<\/tbody>\n<\/table>\n<\/div><\/div><\/div><\/div><\/div><div class=\"vc_col-sm-6 wpb_column vc_column_container\"><div class=\"vc_column-inner\"><div class=\"wpb_wrapper\"><div class=\"wpb_text_column us_custom_8e2d7422\"><div class=\"wpb_wrapper\"><h3>Application form<\/h3>\n<\/div><\/div>\n<div class=\"wpcf7 no-js\" id=\"wpcf7-f470-o1\" lang=\"en-CA\" dir=\"ltr\" data-wpcf7-id=\"470\">\n<div class=\"screen-reader-response\"><p role=\"status\" aria-live=\"polite\" aria-atomic=\"true\"><\/p> <ul><\/ul><\/div>\n<form action=\"\/en\/wp-json\/wp\/v2\/pages\/427#wpcf7-f470-o1\" method=\"post\" class=\"wpcf7-form init wpcf7-acceptance-as-validation\" aria-label=\"Contact form\" novalidate=\"novalidate\" data-status=\"init\">\n<fieldset class=\"hidden-fields-container\"><input type=\"hidden\" name=\"_wpcf7\" value=\"470\" \/><input type=\"hidden\" name=\"_wpcf7_version\" value=\"6.1.5\" \/><input type=\"hidden\" name=\"_wpcf7_locale\" value=\"en_CA\" \/><input type=\"hidden\" name=\"_wpcf7_unit_tag\" value=\"wpcf7-f470-o1\" \/><input type=\"hidden\" name=\"_wpcf7_container_post\" value=\"0\" \/><input type=\"hidden\" name=\"_wpcf7_posted_data_hash\" value=\"\" \/><input type=\"hidden\" name=\"_wpcf7_recaptcha_response\" value=\"\" \/>\n<\/fieldset>\n<div class=\"formFields\">\n\t<p><span class=\"wpcf7-form-control-wrap\" data-name=\"your-recipient\"><select class=\"wpcf7-form-control wpcf7-select wpcf7-validates-as-required\" aria-required=\"true\" aria-invalid=\"false\" name=\"your-recipient\"><option value=\"info@fbeginauto.com\">General informations<\/option><option value=\"pieces@fbeginauto.com\">Car parts<\/option><option value=\"rogermorin@fbeginauto.com\">Car sales<\/option><option value=\"leclerc.catherine@fbeginauto.com\">Human ressources<\/option><option value=\"francois@fbeginauto.com\">Fran\u00e7ois B\u00e9gin, Privacy Officer<\/option><\/select><\/span>\n\t<\/p>\n\t<p><span class=\"wpcf7-form-control-wrap\" data-name=\"your-name\"><input size=\"40\" maxlength=\"400\" class=\"wpcf7-form-control wpcf7-text wpcf7-validates-as-required\" aria-required=\"true\" aria-invalid=\"false\" placeholder=\"Full name *\" value=\"\" type=\"text\" name=\"your-name\" \/><\/span>\n\t<\/p>\n\t<p><span class=\"wpcf7-form-control-wrap\" data-name=\"your-email\"><input size=\"40\" maxlength=\"400\" class=\"wpcf7-form-control wpcf7-email wpcf7-validates-as-required wpcf7-text wpcf7-validates-as-email\" aria-required=\"true\" aria-invalid=\"false\" placeholder=\"Email *\" value=\"\" type=\"email\" name=\"your-email\" \/><\/span>\n\t<\/p>\n\t<p><span class=\"wpcf7-form-control-wrap\" data-name=\"your-phone\"><input size=\"40\" maxlength=\"400\" class=\"wpcf7-form-control wpcf7-tel wpcf7-validates-as-required wpcf7-text wpcf7-validates-as-tel\" aria-required=\"true\" aria-invalid=\"false\" placeholder=\"Phone *\" value=\"\" type=\"tel\" name=\"your-phone\" \/><\/span>\n\t<\/p>\n\t<p><span class=\"wpcf7-form-control-wrap\" data-name=\"your-message\"><textarea cols=\"40\" rows=\"10\" maxlength=\"2000\" class=\"wpcf7-form-control wpcf7-textarea wpcf7-validates-as-required\" aria-required=\"true\" aria-invalid=\"false\" placeholder=\"Message *\" name=\"your-message\"><\/textarea><\/span>\n\t<\/p>\n\t<p><span class=\"wpcf7-form-control-wrap\" data-name=\"your-data-consent\"><span class=\"wpcf7-form-control wpcf7-acceptance\"><span class=\"wpcf7-list-item\"><label><input type=\"checkbox\" name=\"your-data-consent\" value=\"1\" aria-invalid=\"false\" \/><span class=\"wpcf7-list-item-label\">I agree that the information entered will be used to process my request<\/span><\/label><\/span><\/span><\/span>\n\t<\/p>\n\t<div class=\"googlePrivacyText\">\n\t\t<p>This site is protected by reCAPTCHA and the Google <a href=\"https:\/\/policies.google.com\/privacy\" target=\"_blank\"> Privacy Policy <\/a> and <a href=\"https:\/\/policies.google.com\/terms\" target=\"_blank\"> Terms of Service <\/a> apply.\n\t\t<\/p>\n\t<\/div>\n\t<p><input class=\"wpcf7-form-control wpcf7-submit has-spinner\" type=\"submit\" value=\"Send\" \/>\n\t<\/p>\n<\/div><div class=\"wpcf7-response-output\" aria-hidden=\"true\"><\/div>\n<\/form>\n<\/div>\n<\/div><\/div><\/div><\/div><\/div><\/section><section class=\"l-section wpb_row us_custom_b03640aa height_small\"><div class=\"l-section-h i-cf\"><div class=\"g-cols vc_row via_flex valign_top type_default stacking_default\"><div class=\"vc_col-sm-12 wpb_column vc_column_container\"><div class=\"vc_column-inner\"><div class=\"wpb_wrapper\"><div class=\"w-map provider_google mapCustomStyle\" id=\"us_map_1\"><div class=\"w-map-inner\"><div class=\"w-map-json\" onclick='return {&quot;address&quot;:&quot;46.114273, -70.573433&quot;,&quot;disableDragging&quot;:0,&quot;disableZoom&quot;:0,&quot;hideControls&quot;:0,&quot;zoom&quot;:8,&quot;markers&quot;:[{&quot;address&quot;:&quot;46.114273, -70.573433&quot;,&quot;html&quot;:&quot;&lt;h6&gt;&lt;strong&gt;Site of Saint-Philibert&lt;\\\/strong&gt;&lt;\\\/h6&gt;\\r\\n&lt;p&gt;416 rang F.B\\u00e9gin, Saint-Philibert,&lt;br&gt;\\r\\nQu\\u00e9bec, Canada, G0M 1X0&lt;\\\/p&gt;\\r\\n&lt;p&gt;&lt;a href=\\&quot;https:\\\/\\\/goo.gl\\\/maps\\\/MKWhYyXhQnV449Hg7\\&quot; target=\\&quot;_blank\\&quot;&gt;Show on Google Maps&lt;\\\/a&gt;&lt;\\\/p&gt;\\r\\n&quot;,&quot;infowindow&quot;:0},{&quot;address&quot;:&quot;46.153264, -70.618607&quot;,&quot;html&quot;:&quot;&lt;h6&gt;&lt;strong&gt;Site of Saint-Georges&lt;\\\/strong&gt;&lt;\\\/h6&gt;\\r\\n&lt;p&gt;7373 127e rue, Saint-Georges,&lt;br&gt;\\r\\nQu\\u00e9bec, Canada, G5Y 5B9&lt;\\\/p&gt;\\r\\n&lt;p&gt;&lt;a href=\\&quot;https:\\\/\\\/goo.gl\\\/maps\\\/AFo5Zrt317uoNwQr9\\&quot; target=\\&quot;_blank\\&quot;&gt;Show on Google Maps&lt;\\\/a&gt;&lt;\\\/p&gt;&quot;,&quot;marker_img&quot;:null,&quot;marker_size&quot;:[&quot;30&quot;,&quot;30&quot;]},{&quot;address&quot;:&quot;46.593401, -71.369517&quot;,&quot;html&quot;:&quot;&lt;h6&gt;&lt;strong&gt;Site of Saint-Gilles&lt;\\\/strong&gt;&lt;\\\/h6&gt;\\r\\n&lt;p&gt;200 QC-116, Saint-Gilles,&lt;br&gt;\\r\\nQu\\u00e9bec, Canada, G0S 2P0&lt;\\\/p&gt;\\r\\n&lt;p&gt;&lt;a href=\\&quot;https:\\\/\\\/goo.gl\\\/maps\\\/yRCKueUq9LRAaLSJA\\&quot; target=\\&quot;_blank\\&quot;&gt;Show on Google Maps&lt;\\\/a&gt;&lt;\\\/p&gt;&quot;,&quot;marker_img&quot;:null,&quot;marker_size&quot;:[&quot;30&quot;,&quot;30&quot;]}],&quot;maptype&quot;:&quot;ROADMAP&quot;}'><\/div><\/div><\/div><\/div><\/div><\/div><\/div><\/div><\/section>\n","protected":false},"excerpt":{"rendered":"Coordinates Free of charge : 1-800-463-1688 Site of Saint-Philibert (418) 228-2413 416 rang F.B\u00e9gin, Saint-Philibert, Qu\u00e9bec, Canada, G0M 1X0 Site of Saint-Georges (418) 228-9151 7373 127e rue, Saint-Georges, Qu\u00e9bec, Canada, G5Y 5B9 Site of Saint-Gilles (418) 692-1212 200 QC-116, Saint-Gilles, Qu\u00e9bec, Canada, G0S 2P0 Fran\u00e7ois B\u00e9gin Privacy Officer Email addresses Parts sale: pieces@fbeginauto.com Human ressources:...","protected":false},"author":10,"featured_media":185,"parent":0,"menu_order":8,"comment_status":"closed","ping_status":"closed","template":"","meta":{"footnotes":""},"class_list":["post-427","page","type-page","status-publish","has-post-thumbnail","hentry"],"yoast_head":"<!-- This site is optimized with the Yoast SEO plugin v27.3 - https:\/\/yoast.com\/product\/yoast-seo-wordpress\/ -->\n<title>Contact Us - Pi\u00e8ces d&#039;autos Fernand B\u00e9gin<\/title>\n<meta name=\"robots\" content=\"index, follow, max-snippet:-1, max-image-preview:large, max-video-preview:-1\" \/>\n<link rel=\"canonical\" href=\"https:\/\/fbeginauto.com\/en\/contact-us\/\" \/>\n<meta property=\"og:locale\" content=\"en_US\" \/>\n<meta property=\"og:type\" content=\"article\" \/>\n<meta property=\"og:title\" content=\"Contact Us - Pi\u00e8ces d&#039;autos Fernand B\u00e9gin\" \/>\n<meta property=\"og:url\" content=\"https:\/\/fbeginauto.com\/en\/contact-us\/\" \/>\n<meta property=\"og:site_name\" content=\"Pi\u00e8ces d&#039;autos Fernand B\u00e9gin\" \/>\n<meta property=\"article:modified_time\" content=\"2025-01-07T13:25:19+00:00\" \/>\n<meta property=\"og:image\" content=\"https:\/\/fbeginauto.com\/wp-content\/uploads\/2020\/08\/ContactBanner.jpg\" \/>\n\t<meta property=\"og:image:width\" content=\"955\" \/>\n\t<meta property=\"og:image:height\" content=\"236\" \/>\n\t<meta property=\"og:image:type\" content=\"image\/jpeg\" \/>\n<meta name=\"twitter:card\" content=\"summary_large_image\" \/>\n<meta name=\"twitter:label1\" content=\"Est. reading time\" \/>\n\t<meta name=\"twitter:data1\" content=\"1 minute\" \/>\n<script type=\"application\/ld+json\" class=\"yoast-schema-graph\">{\"@context\":\"https:\\\/\\\/schema.org\",\"@graph\":[{\"@type\":\"WebPage\",\"@id\":\"https:\\\/\\\/fbeginauto.com\\\/en\\\/contact-us\\\/\",\"url\":\"https:\\\/\\\/fbeginauto.com\\\/en\\\/contact-us\\\/\",\"name\":\"Contact Us - Pi\u00e8ces d&#039;autos Fernand B\u00e9gin\",\"isPartOf\":{\"@id\":\"https:\\\/\\\/fbeginauto.com\\\/#website\"},\"primaryImageOfPage\":{\"@id\":\"https:\\\/\\\/fbeginauto.com\\\/en\\\/contact-us\\\/#primaryimage\"},\"image\":{\"@id\":\"https:\\\/\\\/fbeginauto.com\\\/en\\\/contact-us\\\/#primaryimage\"},\"thumbnailUrl\":\"https:\\\/\\\/fbeginauto.com\\\/wp-content\\\/uploads\\\/2020\\\/08\\\/ContactBanner.jpg\",\"datePublished\":\"2020-09-30T18:44:34+00:00\",\"dateModified\":\"2025-01-07T13:25:19+00:00\",\"inLanguage\":\"en-CA\",\"potentialAction\":[{\"@type\":\"ReadAction\",\"target\":[\"https:\\\/\\\/fbeginauto.com\\\/en\\\/contact-us\\\/\"]}]},{\"@type\":\"ImageObject\",\"inLanguage\":\"en-CA\",\"@id\":\"https:\\\/\\\/fbeginauto.com\\\/en\\\/contact-us\\\/#primaryimage\",\"url\":\"https:\\\/\\\/fbeginauto.com\\\/wp-content\\\/uploads\\\/2020\\\/08\\\/ContactBanner.jpg\",\"contentUrl\":\"https:\\\/\\\/fbeginauto.com\\\/wp-content\\\/uploads\\\/2020\\\/08\\\/ContactBanner.jpg\",\"width\":955,\"height\":236},{\"@type\":\"WebSite\",\"@id\":\"https:\\\/\\\/fbeginauto.com\\\/#website\",\"url\":\"https:\\\/\\\/fbeginauto.com\\\/\",\"name\":\"Pi\u00e8ces d&#039;autos Fernand B\u00e9gin\",\"description\":\"Pi\u00e8ces d&#039;autos Fernand B\u00e9gin\",\"potentialAction\":[{\"@type\":\"SearchAction\",\"target\":{\"@type\":\"EntryPoint\",\"urlTemplate\":\"https:\\\/\\\/fbeginauto.com\\\/?s={search_term_string}\"},\"query-input\":{\"@type\":\"PropertyValueSpecification\",\"valueRequired\":true,\"valueName\":\"search_term_string\"}}],\"inLanguage\":\"en-CA\"}]}<\/script>\n<!-- \/ Yoast SEO plugin. -->","yoast_head_json":{"title":"Contact Us - Pi\u00e8ces d&#039;autos Fernand B\u00e9gin","robots":{"index":"index","follow":"follow","max-snippet":"max-snippet:-1","max-image-preview":"max-image-preview:large","max-video-preview":"max-video-preview:-1"},"canonical":"https:\/\/fbeginauto.com\/en\/contact-us\/","og_locale":"en_US","og_type":"article","og_title":"Contact Us - Pi\u00e8ces d&#039;autos Fernand B\u00e9gin","og_url":"https:\/\/fbeginauto.com\/en\/contact-us\/","og_site_name":"Pi\u00e8ces d&#039;autos Fernand B\u00e9gin","article_modified_time":"2025-01-07T13:25:19+00:00","og_image":[{"width":955,"height":236,"url":"https:\/\/fbeginauto.com\/wp-content\/uploads\/2020\/08\/ContactBanner.jpg","type":"image\/jpeg"}],"twitter_card":"summary_large_image","twitter_misc":{"Est. reading time":"1 minute"},"schema":{"@context":"https:\/\/schema.org","@graph":[{"@type":"WebPage","@id":"https:\/\/fbeginauto.com\/en\/contact-us\/","url":"https:\/\/fbeginauto.com\/en\/contact-us\/","name":"Contact Us - Pi\u00e8ces d&#039;autos Fernand B\u00e9gin","isPartOf":{"@id":"https:\/\/fbeginauto.com\/#website"},"primaryImageOfPage":{"@id":"https:\/\/fbeginauto.com\/en\/contact-us\/#primaryimage"},"image":{"@id":"https:\/\/fbeginauto.com\/en\/contact-us\/#primaryimage"},"thumbnailUrl":"https:\/\/fbeginauto.com\/wp-content\/uploads\/2020\/08\/ContactBanner.jpg","datePublished":"2020-09-30T18:44:34+00:00","dateModified":"2025-01-07T13:25:19+00:00","inLanguage":"en-CA","potentialAction":[{"@type":"ReadAction","target":["https:\/\/fbeginauto.com\/en\/contact-us\/"]}]},{"@type":"ImageObject","inLanguage":"en-CA","@id":"https:\/\/fbeginauto.com\/en\/contact-us\/#primaryimage","url":"https:\/\/fbeginauto.com\/wp-content\/uploads\/2020\/08\/ContactBanner.jpg","contentUrl":"https:\/\/fbeginauto.com\/wp-content\/uploads\/2020\/08\/ContactBanner.jpg","width":955,"height":236},{"@type":"WebSite","@id":"https:\/\/fbeginauto.com\/#website","url":"https:\/\/fbeginauto.com\/","name":"Pi\u00e8ces d&#039;autos Fernand B\u00e9gin","description":"Pi\u00e8ces d&#039;autos Fernand B\u00e9gin","potentialAction":[{"@type":"SearchAction","target":{"@type":"EntryPoint","urlTemplate":"https:\/\/fbeginauto.com\/?s={search_term_string}"},"query-input":{"@type":"PropertyValueSpecification","valueRequired":true,"valueName":"search_term_string"}}],"inLanguage":"en-CA"}]}},"_links":{"self":[{"href":"https:\/\/fbeginauto.com\/en\/wp-json\/wp\/v2\/pages\/427","targetHints":{"allow":["GET"]}}],"collection":[{"href":"https:\/\/fbeginauto.com\/en\/wp-json\/wp\/v2\/pages"}],"about":[{"href":"https:\/\/fbeginauto.com\/en\/wp-json\/wp\/v2\/types\/page"}],"author":[{"embeddable":true,"href":"https:\/\/fbeginauto.com\/en\/wp-json\/wp\/v2\/users\/10"}],"replies":[{"embeddable":true,"href":"https:\/\/fbeginauto.com\/en\/wp-json\/wp\/v2\/comments?post=427"}],"version-history":[{"count":13,"href":"https:\/\/fbeginauto.com\/en\/wp-json\/wp\/v2\/pages\/427\/revisions"}],"predecessor-version":[{"id":1312,"href":"https:\/\/fbeginauto.com\/en\/wp-json\/wp\/v2\/pages\/427\/revisions\/1312"}],"wp:featuredmedia":[{"embeddable":true,"href":"https:\/\/fbeginauto.com\/en\/wp-json\/wp\/v2\/media\/185"}],"wp:attachment":[{"href":"https:\/\/fbeginauto.com\/en\/wp-json\/wp\/v2\/media?parent=427"}],"curies":[{"name":"wp","href":"https:\/\/api.w.org\/{rel}","templated":true}]}}