{"id":429,"date":"2020-09-30T18:45:54","date_gmt":"2020-09-30T18:45:54","guid":{"rendered":"https:\/\/fbeginauto.com\/?page_id=429"},"modified":"2024-07-17T13:50:35","modified_gmt":"2024-07-17T13:50:35","slug":"car","status":"publish","type":"page","link":"https:\/\/fbeginauto.com\/en\/car\/","title":{"rendered":"Car"},"content":{"rendered":"<section class=\"l-section wpb_row height_small\"><div class=\"l-section-h i-cf\"><div class=\"g-cols vc_row via_flex valign_top type_default stacking_default\"><div class=\"vc_col-sm-12 wpb_column vc_column_container\"><div class=\"vc_column-inner\"><div class=\"wpb_wrapper\"><div class=\"wpb_text_column\"><div class=\"wpb_wrapper\">\n<\/div><\/div><\/div><\/div><\/div><\/div><\/div><\/section><section class=\"l-section wpb_row height_auto\"><div class=\"l-section-h i-cf\"><div class=\"g-cols vc_row via_flex valign_top type_default stacking_default\"><div class=\"vc_col-sm-12 wpb_column vc_column_container\"><div class=\"vc_column-inner\"><div class=\"wpb_wrapper\"><div class=\"w-slider hide_on_default hide_on_laptops hide_on_tablets hide_on_mobiles style_none fit_scaledown nav_none count_3\"><div class=\"w-slider-h\" aria-hidden=\"true\"><div class=\"royalSlider\"><div class=\"rsContent\"><a class=\"rsImg\" data-rsw=\"832\" data-rsh=\"372\" href=\"https:\/\/fbeginauto.com\/wp-content\/uploads\/2020\/08\/logo_fbegin.jpg\"><span data-alt=\"\"><\/span><\/a><\/div><div class=\"rsContent\"><a class=\"rsImg\" data-rsw=\"201\" data-rsh=\"90\" href=\"https:\/\/fbeginauto.com\/wp-content\/uploads\/2020\/08\/logo_fbegin_small.jpg\"><span data-alt=\"\"><\/span><\/a><\/div><div class=\"rsContent\"><a class=\"rsImg\" data-rsw=\"1024\" data-rsh=\"768\" href=\"https:\/\/fbeginauto.com\/wp-content\/uploads\/2020\/08\/1-Cours_Begin_1-1024x768.jpg\"><span data-alt=\"\"><\/span><\/a><\/div><\/div><img decoding=\"async\" src=\"https:\/\/fbeginauto.com\/wp-content\/uploads\/2020\/08\/logo_fbegin.jpg\" width=\"832\" height=\"372\" alt loading=\"lazy\"><\/div><div class=\"w-slider-json\" onclick='return {&quot;autoScaleSlider&quot;:true,&quot;addActiveClass&quot;:true,&quot;loop&quot;:true,&quot;fadeInLoadedSlide&quot;:false,&quot;slidesSpacing&quot;:0,&quot;imageScalePadding&quot;:0,&quot;numImagesToPreload&quot;:2,&quot;arrowsNav&quot;:true,&quot;arrowsNavAutoHide&quot;:false,&quot;transitionType&quot;:&quot;move&quot;,&quot;transitionSpeed&quot;:250,&quot;block&quot;:{&quot;moveEffect&quot;:&quot;none&quot;,&quot;speed&quot;:300},&quot;thumbs&quot;:{&quot;fitInViewport&quot;:false,&quot;firstMargin&quot;:false,&quot;spacing&quot;:4},&quot;controlNavigation&quot;:&quot;none&quot;,&quot;autoScaleSliderWidth&quot;:832,&quot;autoScaleSliderHeight&quot;:372}'><\/div><\/div><\/div><\/div><\/div><\/div><\/div><\/section>\n","protected":false},"excerpt":{"rendered":"","protected":false},"author":10,"featured_media":0,"parent":0,"menu_order":20,"comment_status":"closed","ping_status":"closed","template":"","meta":{"footnotes":""},"class_list":["post-429","page","type-page","status-publish","hentry"],"yoast_head":"<!-- This site is optimized with the Yoast SEO plugin v27.3 - https:\/\/yoast.com\/product\/yoast-seo-wordpress\/ -->\n<title>Car - Pi\u00e8ces d&#039;autos Fernand B\u00e9gin<\/title>\n<meta name=\"robots\" content=\"noindex, nofollow\" \/>\n<meta property=\"og:locale\" content=\"en_US\" \/>\n<meta property=\"og:type\" content=\"article\" \/>\n<meta property=\"og:title\" content=\"Car - Pi\u00e8ces d&#039;autos Fernand B\u00e9gin\" \/>\n<meta property=\"og:url\" content=\"https:\/\/fbeginauto.com\/en\/car\/\" \/>\n<meta property=\"og:site_name\" content=\"Pi\u00e8ces d&#039;autos Fernand B\u00e9gin\" \/>\n<meta property=\"article:modified_time\" content=\"2024-07-17T13:50:35+00:00\" \/>\n<meta name=\"twitter:card\" content=\"summary_large_image\" \/>\n<meta name=\"twitter:label1\" content=\"Est. reading time\" \/>\n\t<meta name=\"twitter:data1\" content=\"1 minute\" \/>\n<script type=\"application\/ld+json\" class=\"yoast-schema-graph\">{\"@context\":\"https:\\\/\\\/schema.org\",\"@graph\":[{\"@type\":\"WebPage\",\"@id\":\"https:\\\/\\\/fbeginauto.com\\\/en\\\/car\\\/\",\"url\":\"https:\\\/\\\/fbeginauto.com\\\/en\\\/car\\\/\",\"name\":\"Car - Pi\u00e8ces d&#039;autos Fernand B\u00e9gin\",\"isPartOf\":{\"@id\":\"https:\\\/\\\/fbeginauto.com\\\/#website\"},\"datePublished\":\"2020-09-30T18:45:54+00:00\",\"dateModified\":\"2024-07-17T13:50:35+00:00\",\"inLanguage\":\"en-CA\",\"potentialAction\":[{\"@type\":\"ReadAction\",\"target\":[\"https:\\\/\\\/fbeginauto.com\\\/en\\\/car\\\/\"]}]},{\"@type\":\"WebSite\",\"@id\":\"https:\\\/\\\/fbeginauto.com\\\/#website\",\"url\":\"https:\\\/\\\/fbeginauto.com\\\/\",\"name\":\"Pi\u00e8ces d&#039;autos Fernand B\u00e9gin\",\"description\":\"Pi\u00e8ces d&#039;autos Fernand B\u00e9gin\",\"potentialAction\":[{\"@type\":\"SearchAction\",\"target\":{\"@type\":\"EntryPoint\",\"urlTemplate\":\"https:\\\/\\\/fbeginauto.com\\\/?s={search_term_string}\"},\"query-input\":{\"@type\":\"PropertyValueSpecification\",\"valueRequired\":true,\"valueName\":\"search_term_string\"}}],\"inLanguage\":\"en-CA\"}]}<\/script>\n<!-- \/ Yoast SEO plugin. -->","yoast_head_json":{"title":"Car - Pi\u00e8ces d&#039;autos Fernand B\u00e9gin","robots":{"index":"noindex","follow":"nofollow"},"og_locale":"en_US","og_type":"article","og_title":"Car - Pi\u00e8ces d&#039;autos Fernand B\u00e9gin","og_url":"https:\/\/fbeginauto.com\/en\/car\/","og_site_name":"Pi\u00e8ces d&#039;autos Fernand B\u00e9gin","article_modified_time":"2024-07-17T13:50:35+00:00","twitter_card":"summary_large_image","twitter_misc":{"Est. reading time":"1 minute"},"schema":{"@context":"https:\/\/schema.org","@graph":[{"@type":"WebPage","@id":"https:\/\/fbeginauto.com\/en\/car\/","url":"https:\/\/fbeginauto.com\/en\/car\/","name":"Car - Pi\u00e8ces d&#039;autos Fernand B\u00e9gin","isPartOf":{"@id":"https:\/\/fbeginauto.com\/#website"},"datePublished":"2020-09-30T18:45:54+00:00","dateModified":"2024-07-17T13:50:35+00:00","inLanguage":"en-CA","potentialAction":[{"@type":"ReadAction","target":["https:\/\/fbeginauto.com\/en\/car\/"]}]},{"@type":"WebSite","@id":"https:\/\/fbeginauto.com\/#website","url":"https:\/\/fbeginauto.com\/","name":"Pi\u00e8ces d&#039;autos Fernand B\u00e9gin","description":"Pi\u00e8ces d&#039;autos Fernand B\u00e9gin","potentialAction":[{"@type":"SearchAction","target":{"@type":"EntryPoint","urlTemplate":"https:\/\/fbeginauto.com\/?s={search_term_string}"},"query-input":{"@type":"PropertyValueSpecification","valueRequired":true,"valueName":"search_term_string"}}],"inLanguage":"en-CA"}]}},"_links":{"self":[{"href":"https:\/\/fbeginauto.com\/en\/wp-json\/wp\/v2\/pages\/429","targetHints":{"allow":["GET"]}}],"collection":[{"href":"https:\/\/fbeginauto.com\/en\/wp-json\/wp\/v2\/pages"}],"about":[{"href":"https:\/\/fbeginauto.com\/en\/wp-json\/wp\/v2\/types\/page"}],"author":[{"embeddable":true,"href":"https:\/\/fbeginauto.com\/en\/wp-json\/wp\/v2\/users\/10"}],"replies":[{"embeddable":true,"href":"https:\/\/fbeginauto.com\/en\/wp-json\/wp\/v2\/comments?post=429"}],"version-history":[{"count":2,"href":"https:\/\/fbeginauto.com\/en\/wp-json\/wp\/v2\/pages\/429\/revisions"}],"predecessor-version":[{"id":1230,"href":"https:\/\/fbeginauto.com\/en\/wp-json\/wp\/v2\/pages\/429\/revisions\/1230"}],"wp:attachment":[{"href":"https:\/\/fbeginauto.com\/en\/wp-json\/wp\/v2\/media?parent=429"}],"curies":[{"name":"wp","href":"https:\/\/api.w.org\/{rel}","templated":true}]}}