{"id":431,"date":"2020-08-12T13:26:33","date_gmt":"2020-08-12T13:26:33","guid":{"rendered":"https:\/\/fbeginauto.com\/?page_id=431"},"modified":"2020-11-02T13:42:45","modified_gmt":"2020-11-02T13:42:45","slug":"accueil","status":"publish","type":"page","link":"https:\/\/fbeginauto.com\/en\/","title":{"rendered":"Accueil"},"content":{"rendered":"<section class=\"l-section wpb_row homeSlider height_auto width_full\"><div class=\"l-section-h i-cf\"><div class=\"g-cols vc_row via_flex valign_top type_default stacking_default\"><div class=\"vc_col-sm-12 wpb_column vc_column_container\"><div class=\"vc_column-inner\"><div class=\"wpb_wrapper\">\n\t\t\t<!-- START Home Slider EN REVOLUTION SLIDER 6.7.41 --><p class=\"rs-p-wp-fix\"><\/p>\n\t\t\t<rs-module-wrap id=\"rev_slider_3_1_wrapper\" data-source=\"gallery\" style=\"visibility:hidden;background:#191e22;padding:0;margin:0px auto;margin-top:0;margin-bottom:0;\">\n\t\t\t\t<rs-module id=\"rev_slider_3_1\" style=\"\" data-version=\"6.7.41\">\n\t\t\t\t\t<rs-slides style=\"overflow: hidden; position: absolute;\">\n\t\t\t\t\t\t<rs-slide style=\"position: absolute;\" data-key=\"rs-4\" data-title=\"Slide\" data-anim=\"ms:1000;r:0;\" data-in=\"o:0;\" data-out=\"a:false;\">\n\t\t\t\t\t\t\t<img decoding=\"async\" src=\"\/\/fbeginauto.com\/wp-content\/plugins\/revslider\/sr6\/assets\/assets\/dummy.png\" alt=\"\" width=\"2048\" height=\"1536\" class=\"rev-slidebg tp-rs-img rs-lazyload\" data-lazyload=\"\/\/fbeginauto.com\/wp-content\/uploads\/2020\/08\/1-Cours_Begin_2.jpg\" data-parallax=\"14\" data-no-retina>\n<!--\n\t\t\t\t\t\t\t--><rs-layer\n\t\t\t\t\t\t\t\tid=\"slider-3-slide-4-layer-0\" \n\t\t\t\t\t\t\t\tclass=\"homeSliderTitle\"\n\t\t\t\t\t\t\t\tdata-type=\"text\"\n\t\t\t\t\t\t\t\tdata-color=\"#ffffff\"\n\t\t\t\t\t\t\t\tdata-xy=\"x:50px;y:c;yo:-100px;\"\n\t\t\t\t\t\t\t\tdata-text=\"w:normal;s:46;l:50;fw:700;\"\n\t\t\t\t\t\t\t\tdata-dim=\"w:85%;maxw:800px;\"\n\t\t\t\t\t\t\t\tdata-rsp_o=\"off\"\n\t\t\t\t\t\t\t\tdata-wrpcls=\"sliderText\"\n\t\t\t\t\t\t\t\tdata-rsp_bd=\"off\"\n\t\t\t\t\t\t\t\tdata-frame_0=\"y:50;\"\n\t\t\t\t\t\t\t\tdata-frame_1=\"st:300;sp:1000;sR:300;\"\n\t\t\t\t\t\t\t\tdata-frame_999=\"o:0;st:w;sR:3700;\"\n\t\t\t\t\t\t\t\tstyle=\"z-index:11;font-family:'Roboto';\"\n\t\t\t\t\t\t\t>More than 10 000 damaged vehicles purchased annually! \n\t\t\t\t\t\t\t<\/rs-layer><!--\n\n\t\t\t\t\t\t\t--><a\n\t\t\t\t\t\t\t\tid=\"slider-3-slide-4-layer-2\" \n\t\t\t\t\t\t\t\tclass=\"rs-layer w-btn us-btn-style_1 homeSliderBtn rev-btn\"\n\t\t\t\t\t\t\t\thref=\"\/en\/about-us\/\" target=\"_self\" rel=\"nofollow\"\n\t\t\t\t\t\t\t\tdata-type=\"button\"\n\t\t\t\t\t\t\t\tdata-color=\"#ffffff\"\n\t\t\t\t\t\t\t\tdata-xy=\"x:50px;y:c;yo:100px;\"\n\t\t\t\t\t\t\t\tdata-text=\"w:normal;s:18;l:32;fw:500;\"\n\t\t\t\t\t\t\t\tdata-dim=\"minh:0px;\"\n\t\t\t\t\t\t\t\tdata-rsp_o=\"off\"\n\t\t\t\t\t\t\t\tdata-wrpcls=\"sliderText\"\n\t\t\t\t\t\t\t\tdata-rsp_bd=\"off\"\n\t\t\t\t\t\t\t\tdata-padding=\"t:12;r:26;b:12;l:26;\"\n\t\t\t\t\t\t\t\tdata-border=\"bor:5px,5px,5px,5px;\"\n\t\t\t\t\t\t\t\tdata-frame_0=\"x:-50;\"\n\t\t\t\t\t\t\t\tdata-frame_1=\"st:1200;sp:1000;sR:1200;\"\n\t\t\t\t\t\t\t\tdata-frame_999=\"o:0;st:w;sR:2800;\"\n\t\t\t\t\t\t\t\tdata-frame_hover=\"c:#fff;bor:5px,5px,5px,5px;sp:200ms;\"\n\t\t\t\t\t\t\t\tstyle=\"z-index:9;font-family:'Roboto';\"\n\t\t\t\t\t\t\t><span class=\"w-btn-label\">Know more about us<\/span> \n\t\t\t\t\t\t\t<\/a><!--\n\n\t\t\t\t\t\t\t--><rs-layer\n\t\t\t\t\t\t\t\tid=\"slider-3-slide-4-layer-3\" \n\t\t\t\t\t\t\t\tdata-type=\"shape\"\n\t\t\t\t\t\t\t\tdata-rsp_ch=\"on\"\n\t\t\t\t\t\t\t\tdata-text=\"w:normal;\"\n\t\t\t\t\t\t\t\tdata-dim=\"w:100%;h:100%;\"\n\t\t\t\t\t\t\t\tdata-basealign=\"slide\"\n\t\t\t\t\t\t\t\tdata-frame_999=\"o:0;st:w;sR:4700;\"\n\t\t\t\t\t\t\t\tstyle=\"z-index:8;background-color:rgba(0,63,95,0.88);\"\n\t\t\t\t\t\t\t> \n\t\t\t\t\t\t\t<\/rs-layer><!--\n\n\t\t\t\t\t\t\t--><rs-layer\n\t\t\t\t\t\t\t\tid=\"slider-3-slide-4-layer-4\" \n\t\t\t\t\t\t\t\tclass=\"homeSliderText\"\n\t\t\t\t\t\t\t\tdata-type=\"text\"\n\t\t\t\t\t\t\t\tdata-color=\"#ffffff\"\n\t\t\t\t\t\t\t\tdata-xy=\"x:50px;y:c;yo:10px;\"\n\t\t\t\t\t\t\t\tdata-text=\"w:normal;s:16;l:25;\"\n\t\t\t\t\t\t\t\tdata-dim=\"w:85%;maxw:800px;\"\n\t\t\t\t\t\t\t\tdata-rsp_o=\"off\"\n\t\t\t\t\t\t\t\tdata-wrpcls=\"sliderText\"\n\t\t\t\t\t\t\t\tdata-rsp_bd=\"off\"\n\t\t\t\t\t\t\t\tdata-frame_0=\"y:50;\"\n\t\t\t\t\t\t\t\tdata-frame_1=\"st:600;sp:1000;sR:600;\"\n\t\t\t\t\t\t\t\tdata-frame_999=\"o:0;st:w;sR:3400;\"\n\t\t\t\t\t\t\t\tstyle=\"z-index:10;font-family:'Roboto';\"\n\t\t\t\t\t\t\t>Only 1 hour from Quebec City, Pieces d\u2019autos Fernand Begin Inc. is your resource by excellence for the <strong>recycling of damaged vehicles.<\/strong> Our vehicles are sold to <strong>be put back on the road<\/strong> or are dismantled for the <strong>sale of parts<\/strong>. We ensure the <strong>delivery of your parts across Canada.<\/strong> \n\t\t\t\t\t\t\t<\/rs-layer><!--\n-->\t\t\t\t\t<\/rs-slide>\n\t\t\t\t\t<\/rs-slides>\n\t\t\t\t<\/rs-module>\n\t\t\t\t<script>\n\t\t\t\t\tsetREVStartSize({c: 'rev_slider_3_1',rl:[1240,1024,778,480],el:[600],gw:[1300],gh:[600],type:'standard',justify:'',layout:'fullwidth',mh:\"0\"});if (window.RS_MODULES!==undefined && window.RS_MODULES.modules!==undefined && window.RS_MODULES.modules[\"revslider31\"]!==undefined) {window.RS_MODULES.modules[\"revslider31\"].once = false;window.revapi3 = undefined;if (window.RS_MODULES.checkMinimal!==undefined) window.RS_MODULES.checkMinimal()}\n\t\t\t\t<\/script>\n\t\t\t<\/rs-module-wrap>\n\t\t\t<!-- END REVOLUTION SLIDER -->\n<\/div><\/div><\/div><\/div><\/div><\/section><section class=\"l-section wpb_row homeBlock height_auto\"><div class=\"l-section-h i-cf\"><div class=\"g-cols vc_row via_flex valign_top type_default stacking_default\"><div class=\"vc_col-sm-12 wpb_column vc_column_container\"><div class=\"vc_column-inner\"><div class=\"wpb_wrapper\"><div id=\"searchContainer\" class=\"searchContainer\">\n    <div class=\"container\">\n        <form action=\"\/en\/find-a-vehicle\/\" class=\"simpleSearchForm\" method=\"post\">\n            <div class=\"simpleSearchFields\">\n                <div class=\"fieldWrapper\">\n                    <select class=\"field\" name=\"carsSearch[brand]\" id=\"searchBrand\" title=\"Brands\">\n                        <option value=\"\" selected>Brands<\/option>\n                                                    <option value=\"Acura\">Acura (2)<\/option>\n                                                    <option value=\"BMW\">BMW (2)<\/option>\n                                                    <option value=\"Caravan\/Mt.Home\">Caravan\/Mt.Home (3)<\/option>\n                                                    <option value=\"Chrysler\">Chrysler (10)<\/option>\n                                                    <option value=\"Ford\">Ford (24)<\/option>\n                                                    <option value=\"GM\">GM (40)<\/option>\n                                                    <option value=\"Honda\">Honda (12)<\/option>\n                                                    <option value=\"Hyundai\">Hyundai (16)<\/option>\n                                                    <option value=\"Infiniti\">Infiniti (4)<\/option>\n                                                    <option value=\"Jeep\">Jeep (9)<\/option>\n                                                    <option value=\"Kia\">Kia (17)<\/option>\n                                                    <option value=\"Mazda\">Mazda (4)<\/option>\n                                                    <option value=\"Mercedes-Benz\">Mercedes-Benz (3)<\/option>\n                                                    <option value=\"Mini (Bmw)\">Mini (Bmw) (1)<\/option>\n                                                    <option value=\"Mitsubishi\">Mitsubishi (5)<\/option>\n                                                    <option value=\"Motorcycle\">Motorcycle (24)<\/option>\n                                                    <option value=\"Nissan\">Nissan (27)<\/option>\n                                                    <option value=\"Rover\">Rover (1)<\/option>\n                                                    <option value=\"Saturn\">Saturn (1)<\/option>\n                                                    <option value=\"Subaru\">Subaru (6)<\/option>\n                                                    <option value=\"Toyota\">Toyota (14)<\/option>\n                                                    <option value=\"Trailer\">Trailer (3)<\/option>\n                                                    <option value=\"Vinfast\">Vinfast (1)<\/option>\n                                                    <option value=\"Volkswagen\">Volkswagen (2)<\/option>\n                                            <\/select>\n                <\/div>\n\n                <div class=\"fieldWrapper empty\">\n                    <select class=\"field\" name=\"carsSearch[model]\" id=\"searchModel\" title=\"Models\" disabled>\n                        <option value=\"\" selected>Models<\/option>\n                    <\/select>\n                <\/div>\n\n                <div class=\"fieldWrapper empty\">\n                    <select class=\"field\" name=\"carsSearch[minYear]\" id=\"searchYear\" title=\"Year\" disabled>\n                        <option value=\"\" selected>Year<\/option>\n                    <\/select>\n                <\/div>\n            <\/div>\n\n            <button type=\"submit\" id=\"searchCars\" class=\"w-btn us-btn-style_1 icon_atright\">\n                <span class=\"w-btn-label\">Find a vehicle<\/span>\n                <i class=\"fas fa-search\"><\/i>\n            <\/button>\n        <\/form>\n    <\/div>\n<\/div><div class=\"wpb_text_column\"><div class=\"wpb_wrapper\">\n<\/div><\/div><\/div><\/div><\/div><\/div><\/div><\/section><section class=\"l-section wpb_row homeBlock height_auto\"><div class=\"l-section-h i-cf\"><div class=\"g-cols vc_row via_flex valign_top type_default stacking_default\"><div class=\"vc_col-sm-12 wpb_column vc_column_container\"><div class=\"vc_column-inner\"><div class=\"wpb_wrapper\"><div class=\"recentCarsGridContainer\">\n    <div class=\"gridTitleContainer\">\n        <h3 class=\"title\">Just arrived<\/h3>\n        <a href=\"\/en\/find-a-vehicle\/\" onclick=\"resetSearch()\" class=\"w-btn us-btn-style_1 ml-10px\">\n            <span class=\"w-btn-label\">All vehicles<\/span>\n        <\/a>\n    <\/div>\n    <div class=\"carsGridContainer\">\n\n        \n            <div class=\"carGridContainer\" style=\"background-image: url('https:\/\/fbeginauto.com\/wp-content\/uploads\/cars\/BGR3108\/bgr31081_260429152702.jpg')\">\n                <a href=\"\/en\/car\/BGR3108\">\n                    <div class=\"carInfos\">\n                        <span class=\"pr-10px\">Nissan Kicks - 2020<\/span>\n                        <span>\n                            12900$                        <\/span>\n                    <\/div>\n                <\/a>\n            <\/div>\n\n        \n            <div class=\"carGridContainer\" style=\"background-image: url('https:\/\/fbeginauto.com\/wp-content\/uploads\/cars\/BGR3107\/bgr31071_260429121741.jpg')\">\n                <a href=\"\/en\/car\/BGR3107\">\n                    <div class=\"carInfos\">\n                        <span class=\"pr-10px\">Nissan Qashqai - 2021<\/span>\n                        <span>\n                            Price to come                        <\/span>\n                    <\/div>\n                <\/a>\n            <\/div>\n\n        \n            <div class=\"carGridContainer\" style=\"background-image: url('https:\/\/fbeginauto.com\/wp-content\/uploads\/cars\/BGR3106\/bgr31061_260429105515.jpg')\">\n                <a href=\"\/en\/car\/BGR3106\">\n                    <div class=\"carInfos\">\n                        <span class=\"pr-10px\">Ford Bronco Sport - 2024<\/span>\n                        <span>\n                            12500$                        <\/span>\n                    <\/div>\n                <\/a>\n            <\/div>\n\n        \n            <div class=\"carGridContainer\" style=\"background-image: url('https:\/\/fbeginauto.com\/wp-content\/uploads\/cars\/BGR3105\/bgr31052_260429063345.jpg')\">\n                <a href=\"\/en\/car\/BGR3105\">\n                    <div class=\"carInfos\">\n                        <span class=\"pr-10px\">Ford Edge - 2021<\/span>\n                        <span>\n                            Price to come                        <\/span>\n                    <\/div>\n                <\/a>\n            <\/div>\n\n        \n            <div class=\"carGridContainer\" style=\"background-image: url('https:\/\/fbeginauto.com\/wp-content\/uploads\/cars\/BGR3104\/bgr31041_260428152312.jpg')\">\n                <a href=\"\/en\/car\/BGR3104\">\n                    <div class=\"carInfos\">\n                        <span class=\"pr-10px\">Nissan Sentra - 2019<\/span>\n                        <span>\n                            5400$                        <\/span>\n                    <\/div>\n                <\/a>\n            <\/div>\n\n        \n            <div class=\"carGridContainer\" style=\"background-image: url('https:\/\/fbeginauto.com\/wp-content\/uploads\/cars\/BGR3103\/bgr31031_260428104241.jpg')\">\n                <a href=\"\/en\/car\/BGR3103\">\n                    <div class=\"carInfos\">\n                        <span class=\"pr-10px\">GM Envision - 2023<\/span>\n                        <span>\n                            Price to come                        <\/span>\n                    <\/div>\n                <\/a>\n            <\/div>\n\n        \n    <\/div>\n<\/div><div class=\"wpb_text_column\"><div class=\"wpb_wrapper\">\n<\/div><\/div><\/div><\/div><\/div><\/div><\/div><\/section><section class=\"l-section wpb_row us_custom_2807c26f homeBlock height_auto\"><div class=\"l-section-h i-cf\"><div class=\"g-cols vc_row via_flex valign_top type_default stacking_default\"><div class=\"vc_col-sm-6 wpb_column vc_column_container has-link\"><div class=\"vc_column-inner\"><div class=\"wpb_wrapper\"><div class=\"w-iconbox iconBoxCustom primaryColorBox iconpos_top style_circle color_custom align_center no_text\"><div class=\"w-iconbox-icon\" style=\"font-size:2rem;--icon-color:#ffffff;--icon-bg-color:var(--color-alt-content-primary-grad, var(--color-alt-content-primary) );\"><i class=\"fas fa-phone\"><\/i><\/div><div class=\"w-iconbox-meta\"><h4 class=\"w-iconbox-title\">Contact Us<\/h4><\/div><\/div><\/div><\/div><a title=\"Contact Us\" href=\"https:\/\/fbeginauto.com\/en\/contact-us\/\" class=\"vc_column-link smooth-scroll\"><\/a><\/div><div class=\"vc_col-sm-6 wpb_column vc_column_container has-link\"><div class=\"vc_column-inner\"><div class=\"wpb_wrapper\"><div class=\"w-iconbox iconBoxCustom secondaryColorBox iconpos_top style_circle color_custom align_center no_text\"><div class=\"w-iconbox-icon\" style=\"font-size:2rem;--icon-color:#ffffff;--icon-bg-color:var(--color-alt-content-secondary-grad, var(--color-alt-content-secondary) );\"><i class=\"fas fa-user\"><\/i><\/div><div class=\"w-iconbox-meta\"><h4 class=\"w-iconbox-title\">Find a job<\/h4><\/div><\/div><\/div><\/div><a title=\"Career\" href=\"https:\/\/fbeginauto.com\/en\/career\/\" class=\"vc_column-link smooth-scroll\"><\/a><\/div><\/div><\/div><\/section>\n","protected":false},"excerpt":{"rendered":"More than 10 000 damaged vehicles purchased annually! Know more about us Only 1 hour from Quebec City, Pieces d\u2019autos Fernand Begin Inc. is your resource by excellence for the recycling of damaged vehicles. Our vehicles are sold to be put back on the road or are dismantled for the sale of parts. We ensure...","protected":false},"author":10,"featured_media":0,"parent":0,"menu_order":1,"comment_status":"closed","ping_status":"closed","template":"","meta":{"footnotes":""},"class_list":["post-431","page","type-page","status-publish","hentry"],"yoast_head":"<!-- This site is optimized with the Yoast SEO plugin v27.3 - https:\/\/yoast.com\/product\/yoast-seo-wordpress\/ -->\n<title>Accueil - Pi\u00e8ces d&#039;autos Fernand B\u00e9gin<\/title>\n<meta name=\"robots\" content=\"index, follow, max-snippet:-1, max-image-preview:large, max-video-preview:-1\" \/>\n<link rel=\"canonical\" href=\"https:\/\/fbeginauto.com\/\" \/>\n<meta property=\"og:locale\" content=\"en_US\" \/>\n<meta property=\"og:type\" content=\"article\" \/>\n<meta property=\"og:title\" content=\"Accueil - Pi\u00e8ces d&#039;autos Fernand B\u00e9gin\" \/>\n<meta property=\"og:url\" content=\"https:\/\/fbeginauto.com\/\" \/>\n<meta property=\"og:site_name\" content=\"Pi\u00e8ces d&#039;autos Fernand B\u00e9gin\" \/>\n<meta property=\"article:modified_time\" content=\"2020-11-02T13:42:45+00:00\" \/>\n<meta name=\"twitter:card\" content=\"summary_large_image\" \/>\n<meta name=\"twitter:label1\" content=\"Est. reading time\" \/>\n\t<meta name=\"twitter:data1\" content=\"1 minute\" \/>\n<script type=\"application\/ld+json\" class=\"yoast-schema-graph\">{\"@context\":\"https:\\\/\\\/schema.org\",\"@graph\":[{\"@type\":\"WebPage\",\"@id\":\"https:\\\/\\\/fbeginauto.com\\\/\",\"url\":\"https:\\\/\\\/fbeginauto.com\\\/\",\"name\":\"Accueil - Pi\u00e8ces d&#039;autos Fernand B\u00e9gin\",\"isPartOf\":{\"@id\":\"https:\\\/\\\/fbeginauto.com\\\/#website\"},\"datePublished\":\"2020-08-12T13:26:33+00:00\",\"dateModified\":\"2020-11-02T13:42:45+00:00\",\"inLanguage\":\"en-CA\",\"potentialAction\":[{\"@type\":\"ReadAction\",\"target\":[\"https:\\\/\\\/fbeginauto.com\\\/\"]}]},{\"@type\":\"WebSite\",\"@id\":\"https:\\\/\\\/fbeginauto.com\\\/#website\",\"url\":\"https:\\\/\\\/fbeginauto.com\\\/\",\"name\":\"Pi\u00e8ces d&#039;autos Fernand B\u00e9gin\",\"description\":\"Pi\u00e8ces d&#039;autos Fernand B\u00e9gin\",\"potentialAction\":[{\"@type\":\"SearchAction\",\"target\":{\"@type\":\"EntryPoint\",\"urlTemplate\":\"https:\\\/\\\/fbeginauto.com\\\/?s={search_term_string}\"},\"query-input\":{\"@type\":\"PropertyValueSpecification\",\"valueRequired\":true,\"valueName\":\"search_term_string\"}}],\"inLanguage\":\"en-CA\"}]}<\/script>\n<!-- \/ Yoast SEO plugin. -->","yoast_head_json":{"title":"Accueil - Pi\u00e8ces d&#039;autos Fernand B\u00e9gin","robots":{"index":"index","follow":"follow","max-snippet":"max-snippet:-1","max-image-preview":"max-image-preview:large","max-video-preview":"max-video-preview:-1"},"canonical":"https:\/\/fbeginauto.com\/","og_locale":"en_US","og_type":"article","og_title":"Accueil - Pi\u00e8ces d&#039;autos Fernand B\u00e9gin","og_url":"https:\/\/fbeginauto.com\/","og_site_name":"Pi\u00e8ces d&#039;autos Fernand B\u00e9gin","article_modified_time":"2020-11-02T13:42:45+00:00","twitter_card":"summary_large_image","twitter_misc":{"Est. reading time":"1 minute"},"schema":{"@context":"https:\/\/schema.org","@graph":[{"@type":"WebPage","@id":"https:\/\/fbeginauto.com\/","url":"https:\/\/fbeginauto.com\/","name":"Accueil - Pi\u00e8ces d&#039;autos Fernand B\u00e9gin","isPartOf":{"@id":"https:\/\/fbeginauto.com\/#website"},"datePublished":"2020-08-12T13:26:33+00:00","dateModified":"2020-11-02T13:42:45+00:00","inLanguage":"en-CA","potentialAction":[{"@type":"ReadAction","target":["https:\/\/fbeginauto.com\/"]}]},{"@type":"WebSite","@id":"https:\/\/fbeginauto.com\/#website","url":"https:\/\/fbeginauto.com\/","name":"Pi\u00e8ces d&#039;autos Fernand B\u00e9gin","description":"Pi\u00e8ces d&#039;autos Fernand B\u00e9gin","potentialAction":[{"@type":"SearchAction","target":{"@type":"EntryPoint","urlTemplate":"https:\/\/fbeginauto.com\/?s={search_term_string}"},"query-input":{"@type":"PropertyValueSpecification","valueRequired":true,"valueName":"search_term_string"}}],"inLanguage":"en-CA"}]}},"_links":{"self":[{"href":"https:\/\/fbeginauto.com\/en\/wp-json\/wp\/v2\/pages\/431","targetHints":{"allow":["GET"]}}],"collection":[{"href":"https:\/\/fbeginauto.com\/en\/wp-json\/wp\/v2\/pages"}],"about":[{"href":"https:\/\/fbeginauto.com\/en\/wp-json\/wp\/v2\/types\/page"}],"author":[{"embeddable":true,"href":"https:\/\/fbeginauto.com\/en\/wp-json\/wp\/v2\/users\/10"}],"replies":[{"embeddable":true,"href":"https:\/\/fbeginauto.com\/en\/wp-json\/wp\/v2\/comments?post=431"}],"version-history":[{"count":6,"href":"https:\/\/fbeginauto.com\/en\/wp-json\/wp\/v2\/pages\/431\/revisions"}],"predecessor-version":[{"id":528,"href":"https:\/\/fbeginauto.com\/en\/wp-json\/wp\/v2\/pages\/431\/revisions\/528"}],"wp:attachment":[{"href":"https:\/\/fbeginauto.com\/en\/wp-json\/wp\/v2\/media?parent=431"}],"curies":[{"name":"wp","href":"https:\/\/api.w.org\/{rel}","templated":true}]}}